{"id":8638,"date":"2021-10-02T18:21:05","date_gmt":"2021-10-02T16:21:05","guid":{"rendered":"https:\/\/bestvision.solutions\/?page_id=8638"},"modified":"2024-01-08T18:55:08","modified_gmt":"2024-01-08T17:55:08","slug":"responsabilidade","status":"publish","type":"page","link":"https:\/\/bestvision.solutions\/pt-pt\/responsabilidade\/","title":{"rendered":"Responsabilidade"},"content":{"rendered":"\t\t<div data-elementor-type=\"wp-page\" data-elementor-id=\"8638\" class=\"elementor elementor-8638 elementor-728\">\n\t\t\t\t\t\t<section class=\"elementor-section elementor-top-section elementor-element elementor-element-3d39554 elementor-section-full_width elementor-section-height-default elementor-section-height-default\" data-id=\"3d39554\" data-element_type=\"section\" data-e-type=\"section\" data-settings=\"{&quot;jet_parallax_layout_list&quot;:[{&quot;jet_parallax_layout_image&quot;:{&quot;url&quot;:&quot;&quot;,&quot;id&quot;:&quot;&quot;,&quot;size&quot;:&quot;&quot;},&quot;_id&quot;:&quot;27d8f91&quot;,&quot;jet_parallax_layout_speed&quot;:{&quot;unit&quot;:&quot;%&quot;,&quot;size&quot;:&quot;50&quot;,&quot;sizes&quot;:[]},&quot;jet_parallax_layout_bg_x&quot;:&quot;50&quot;,&quot;jet_parallax_layout_bg_y&quot;:&quot;50&quot;,&quot;jet_parallax_layout_image_tablet&quot;:{&quot;url&quot;:&quot;&quot;,&quot;id&quot;:&quot;&quot;,&quot;size&quot;:&quot;&quot;},&quot;jet_parallax_layout_image_mobile&quot;:{&quot;url&quot;:&quot;&quot;,&quot;id&quot;:&quot;&quot;,&quot;size&quot;:&quot;&quot;},&quot;jet_parallax_layout_type&quot;:&quot;scroll&quot;,&quot;jet_parallax_layout_direction&quot;:null,&quot;jet_parallax_layout_fx_direction&quot;:null,&quot;jet_parallax_layout_z_index&quot;:&quot;&quot;,&quot;jet_parallax_layout_bg_x_tablet&quot;:&quot;&quot;,&quot;jet_parallax_layout_bg_x_mobile&quot;:&quot;&quot;,&quot;jet_parallax_layout_bg_y_tablet&quot;:&quot;&quot;,&quot;jet_parallax_layout_bg_y_mobile&quot;:&quot;&quot;,&quot;jet_parallax_layout_bg_size&quot;:&quot;auto&quot;,&quot;jet_parallax_layout_bg_size_tablet&quot;:&quot;&quot;,&quot;jet_parallax_layout_bg_size_mobile&quot;:&quot;&quot;,&quot;jet_parallax_layout_animation_prop&quot;:&quot;transform&quot;,&quot;jet_parallax_layout_on&quot;:[&quot;desktop&quot;,&quot;tablet&quot;]}],&quot;background_background&quot;:&quot;classic&quot;,&quot;shape_divider_bottom&quot;:&quot;tilt&quot;}\">\n\t\t\t\t\t\t\t<div class=\"elementor-background-overlay\"><\/div>\n\t\t\t\t\t\t<div class=\"elementor-shape elementor-shape-bottom\" aria-hidden=\"true\" data-negative=\"false\">\n\t\t\t<svg xmlns=\"http:\/\/www.w3.org\/2000\/svg\" viewBox=\"0 0 1000 100\" preserveAspectRatio=\"none\">\n\t<path class=\"elementor-shape-fill\" d=\"M0,6V0h1000v100L0,6z\"\/>\n<\/svg>\t\t<\/div>\n\t\t\t\t\t<div class=\"elementor-container elementor-column-gap-no\">\n\t\t\t\t\t<div class=\"elementor-column elementor-col-100 elementor-top-column elementor-element elementor-element-68e8167\" data-id=\"68e8167\" data-element_type=\"column\" data-e-type=\"column\">\n\t\t\t<div class=\"elementor-widget-wrap elementor-element-populated\">\n\t\t\t\t\t\t<div class=\"elementor-element elementor-element-3b2416c elementor-widget elementor-widget-heading\" data-id=\"3b2416c\" data-element_type=\"widget\" data-e-type=\"widget\" data-widget_type=\"heading.default\">\n\t\t\t\t<div class=\"elementor-widget-container\">\n\t\t\t\t\t<h1 class=\"elementor-heading-title elementor-size-default\">Responsabilidade<\/h1>\t\t\t\t<\/div>\n\t\t\t\t<\/div>\n\t\t\t\t<div class=\"elementor-element elementor-element-0f915e4 elementor-align-center elementor-widget elementor-widget-raven-breadcrumbs\" data-id=\"0f915e4\" data-element_type=\"widget\" data-e-type=\"widget\" data-widget_type=\"raven-breadcrumbs.default\">\n\t\t\t\t<div class=\"elementor-widget-container\">\n\t\t\t\t\t<div class=\"raven-breadcrumbs raven-breadcrumbs-default\"><div class=\"breadcrumb\">\t\t\t\t<div class=\"breadcrumb-item active\" aria-current=\"page\"><span>Home<\/span><\/div>\n\n\t\t\t\t<\/div><\/div>\t\t\t\t<\/div>\n\t\t\t\t<\/div>\n\t\t\t\t\t<\/div>\n\t\t<\/div>\n\t\t\t\t\t<\/div>\n\t\t<\/section>\n\t\t\t\t<section class=\"elementor-section elementor-top-section elementor-element elementor-element-a136a91 elementor-section-boxed elementor-section-height-default elementor-section-height-default\" data-id=\"a136a91\" data-element_type=\"section\" data-e-type=\"section\" data-settings=\"{&quot;jet_parallax_layout_list&quot;:[{&quot;jet_parallax_layout_image&quot;:{&quot;url&quot;:&quot;&quot;,&quot;id&quot;:&quot;&quot;,&quot;size&quot;:&quot;&quot;},&quot;_id&quot;:&quot;8c410a8&quot;,&quot;jet_parallax_layout_speed&quot;:{&quot;unit&quot;:&quot;%&quot;,&quot;size&quot;:&quot;50&quot;,&quot;sizes&quot;:[]},&quot;jet_parallax_layout_bg_x&quot;:&quot;50&quot;,&quot;jet_parallax_layout_bg_y&quot;:&quot;50&quot;,&quot;jet_parallax_layout_image_tablet&quot;:{&quot;url&quot;:&quot;&quot;,&quot;id&quot;:&quot;&quot;,&quot;size&quot;:&quot;&quot;},&quot;jet_parallax_layout_image_mobile&quot;:{&quot;url&quot;:&quot;&quot;,&quot;id&quot;:&quot;&quot;,&quot;size&quot;:&quot;&quot;},&quot;jet_parallax_layout_type&quot;:&quot;scroll&quot;,&quot;jet_parallax_layout_direction&quot;:null,&quot;jet_parallax_layout_fx_direction&quot;:null,&quot;jet_parallax_layout_z_index&quot;:&quot;&quot;,&quot;jet_parallax_layout_bg_x_tablet&quot;:&quot;&quot;,&quot;jet_parallax_layout_bg_x_mobile&quot;:&quot;&quot;,&quot;jet_parallax_layout_bg_y_tablet&quot;:&quot;&quot;,&quot;jet_parallax_layout_bg_y_mobile&quot;:&quot;&quot;,&quot;jet_parallax_layout_bg_size&quot;:&quot;auto&quot;,&quot;jet_parallax_layout_bg_size_tablet&quot;:&quot;&quot;,&quot;jet_parallax_layout_bg_size_mobile&quot;:&quot;&quot;,&quot;jet_parallax_layout_animation_prop&quot;:&quot;transform&quot;,&quot;jet_parallax_layout_on&quot;:[&quot;desktop&quot;,&quot;tablet&quot;]}]}\">\n\t\t\t\t\t\t<div class=\"elementor-container elementor-column-gap-no\">\n\t\t\t\t\t<div class=\"elementor-column elementor-col-100 elementor-top-column elementor-element elementor-element-e5746c1\" data-id=\"e5746c1\" data-element_type=\"column\" data-e-type=\"column\">\n\t\t\t<div class=\"elementor-widget-wrap elementor-element-populated\">\n\t\t\t\t\t\t<div class=\"elementor-element elementor-element-77af054 elementor-widget elementor-widget-text-editor\" data-id=\"77af054\" data-element_type=\"widget\" data-e-type=\"widget\" data-widget_type=\"text-editor.default\">\n\t\t\t\t<div class=\"elementor-widget-container\">\n\t\t\t\t\t\t\t\t\t<p><b>RESPONSABILIDADE<\/b><\/p>\n<p>O s\u00edtio bestvision.group \u00e9 propriedade exclusiva do Best Vision Group, (a seguir designado por &#8220;Best Vision&#8221; ou &#8220;Best Vision Group&#8221;). O acesso e a navega\u00e7\u00e3o no site por parte dos utilizadores individuais s\u00e3o gratuitos e est\u00e3o sujeitos \u00e0 aceita\u00e7\u00e3o dos termos e condi\u00e7\u00f5es dos presentes avisos legais. O utilizador reconhece e, em qualquer caso, aceita: (i) que a Best Vision se reserva o direito de modificar os termos e condi\u00e7\u00f5es destas notas legais a qualquer momento, comunicando as modifica\u00e7\u00f5es aos utilizadores atrav\u00e9s de um aviso geral anexado ao site ou atrav\u00e9s de uma liga\u00e7\u00e3o a este aviso e (ii) que, a partir do momento de cada aviso geral agora mencionado, as notas legais modificadas constituir\u00e3o os novos termos e condi\u00e7\u00f5es de acesso e navega\u00e7\u00e3o no Site (estas notas legais, como gradualmente as &#8220;Notas Legais&#8221; est\u00e3o sujeitas a uma potencial modifica\u00e7\u00e3o cont\u00ednua).<\/p>\n<p><b>Direitos de propriedade intelectual<\/b><\/p>\n<ul>\n<li>Os conte\u00fados do S\u00edtio, a t\u00edtulo de exemplo e n\u00e3o exaustivo, as obras, imagens, fotografias, di\u00e1logos, m\u00fasica, sons, v\u00eddeos, textos e qualquer outro material em qualquer formato, incluindo, a t\u00edtulo de exemplo e n\u00e3o exaustivo, menus, p\u00e1ginas Web, gr\u00e1ficos, cores, esquemas, ferramentas, caracteres, design, diagramas, desenhos, m\u00e9todos, processos, fun\u00e7\u00f5es e software (individual e\/ou coletivamente &#8216;Conte\u00fado&#8217;) e os sinais e\/ou log\u00f3tipos distintivos relativos s\u00e3o propriedade exclusiva da BestVision ou na sua disponibilidade exclusiva, e em nenhum caso podem ser utilizados de qualquer maneira e\/ou forma sem o consentimento pr\u00e9vio por escrito da Best Vision.<\/li>\n<li>Salvo indica\u00e7\u00e3o expressa em contr\u00e1rio no Site, o conte\u00fado s\u00f3 pode ser visto e\/ou escutado no modo &#8216;Streaming&#8217;. Por &#8220;Streaming&#8221; entende-se a modalidade de visualiza\u00e7\u00e3o e\/ou audi\u00e7\u00e3o dos conte\u00fados em tempo real e sem necessidade e\/ou possibilidade de reprodu\u00e7\u00e3o, tempor\u00e1ria ou permanente, distribui\u00e7\u00e3o, redistribui\u00e7\u00e3o, comunica\u00e7\u00e3o ao p\u00fablico ou outra utiliza\u00e7\u00e3o, sob qualquer forma ou forma diferente do &#8220;Streaming&#8221; aqui definido.<\/li>\n<li>No caso de serem fornecidos c\u00f3digos de liga\u00e7\u00e3o no Site Embedding relacionados com conte\u00fados espec\u00edficos, estes c\u00f3digos podem ser utilizados pelos utilizadores apenas para os seus pr\u00f3prios fins directos, pessoais e privados e desde que a referida utiliza\u00e7\u00e3o n\u00e3o ocorra para fins de tipo direto ou indireto.<\/li>\n<li>Qualquer utiliza\u00e7\u00e3o de c\u00f3digos e\/ou conte\u00fados que viole os limites indicados nas Notas Legais, ou que seja contr\u00e1ria \u00e0 lei, \u00e9 ilegal e, portanto, ser\u00e1 punida pela Best Vision.<\/li>\n<li>As marcas registadas e os log\u00f3tipos &#8216;Best Vision&#8217;, incluindo o dom\u00ednio de nome &#8216;bestvision.group&#8217;, est\u00e3o dispon\u00edveis exclusivamente para as empresas do Grupo BestVision. Estas marcas, log\u00f3tipos e dom\u00ednios n\u00e3o podem ser utilizados de forma alguma sem o consentimento pr\u00e9vio por escrito da Best Vision.<\/li>\n<\/ul>\n<p><b>Liga\u00e7\u00f5es a outros s\u00edtios Web<\/b><\/p>\n<ul>\n<li>O site pode conter links de texto (os &#8220;links&#8221;) para outros sites que n\u00e3o t\u00eam qualquer liga\u00e7\u00e3o com o site. A Best Vision n\u00e3o controla ou supervisiona estes websites, os seus conte\u00fados e as suas regras.<\/li>\n<li>Qualquer liga\u00e7\u00e3o a outros websites n\u00e3o deve ser entendida de forma alguma como uma atividade da Best Vision para os promover e\/ou o conte\u00fado publicado nos mesmos.<\/li>\n<\/ul>\n<p><b>Cookies<\/b><\/p>\n<p>O Site pode conter cookies de sess\u00e3o (que n\u00e3o s\u00e3o armazenados permanentemente no computador do utilizador e desaparecem quando este fecha o browser) para permitir aos utilizadores uma melhor utiliza\u00e7\u00e3o do Site. Para receber cookies pode configurar o seu browser com a inten\u00e7\u00e3o de ser notificado da presen\u00e7a de cookies e depois decidir se os aceita ou n\u00e3o.<\/p>\n<p>O browser tamb\u00e9m pode ser configurado para rejeitar automaticamente todos os cookies; neste caso, por\u00e9m, \u00e9 poss\u00edvel que o utilizador n\u00e3o possa aceder a todos os servi\u00e7os dispon\u00edveis no Site.<\/p>\n<p><b>Limita\u00e7\u00f5es de responsabilidade<\/b><\/p>\n<ul>\n<li>O utilizador reconhece e aceita que o seu acesso e navega\u00e7\u00e3o no S\u00edtio \u00e9 feito por sua conta e risco e sob a sua exclusiva responsabilidade.<\/li>\n<li>O utilizador tamb\u00e9m reconhece e aceita que o Site \u00e9 fornecido &#8220;tal como est\u00e1&#8221; e &#8220;tal como dispon\u00edvel&#8221; e que pode estar temporariamente inacess\u00edvel ou conter defeitos ou atrasos actuais.<\/li>\n<li>A Best Vision n\u00e3o assume qualquer responsabilidade pelos conte\u00fados, materiais e\/ou informa\u00e7\u00f5es introduzidas no Site pelos utilizadores nos espa\u00e7os virtuais que a Best Vision coloca \u00e0 disposi\u00e7\u00e3o dos utilizadores para a intera\u00e7\u00e3o com o Site (&#8220;Conte\u00fado do Utilizador&#8221;).<\/li>\n<li>A Best Vision n\u00e3o ser\u00e1 respons\u00e1vel por qualquer perda ou dano decorrente ou relacionado de qualquer forma com o uso ou opera\u00e7\u00e3o do Site, incluindo, entre outros, danos por perda de neg\u00f3cios, perda de lucros, interrup\u00e7\u00e3o de neg\u00f3cios, perda de informa\u00e7\u00f5es comerciais e\/ou qualquer outro tipo de perda pecuni\u00e1ria, exceto em casos de m\u00e1 conduta intencional ou neglig\u00eancia grave da Best Vision.<\/li>\n<\/ul>\n<p><b>Den\u00fancia de abusos<\/b><\/p>\n<ul>\n<li>Os utilizadores que tenham identificado qualquer Conte\u00fado de utilizador que considerem ilegal, inapropriado, ofensivo ou vulgar devem informar imediatamente a Best Vision, preenchendo o formul\u00e1rio de den\u00fancia de abuso dispon\u00edvel no Site, na parte inferior da p\u00e1gina inicial.<\/li>\n<li>O utilizador \u00e9 convidado a fazer uma utiliza\u00e7\u00e3o respons\u00e1vel das suas den\u00fancias. As den\u00fancias que se revelarem infundadas e\/ou ileg\u00edtimas ser\u00e3o uma fonte de responsabilidade para o utilizador.<\/li>\n<\/ul>\n<p><b>Direito aplic\u00e1vel<\/b><\/p>\n<p>Para a Europa, as notas legais s\u00e3o regidas pelo direito su\u00ed\u00e7o, Tribunal de Genebra.<\/p>\n<p>Para a Am\u00e9rica, as notas legais s\u00e3o regidas pela lei dos Estados Unidos da Am\u00e9rica, o Tribunal de Miami. Em rela\u00e7\u00e3o a \u00c1frica, as notas legais s\u00e3o regidas pelo direito su\u00ed\u00e7o, Tribunal de Genebra. Em rela\u00e7\u00e3o \u00e0 \u00c1sia, as notas legais s\u00e3o regidas pelo direito su\u00ed\u00e7o, Tribunal de Genebra. Relativamente \u00e0 Austr\u00e1lia, as notas legais s\u00e3o regidas pelo direito dos Estados Unidos da Am\u00e9rica, Tribunal de Miami.<\/p>\n<p>As notas legais s\u00e3o regidas pelo direito su\u00ed\u00e7o, Tribunal de Genebra.<\/p>\n<p>Best Vision Group<\/p>\t\t\t\t\t\t\t\t<\/div>\n\t\t\t\t<\/div>\n\t\t\t\t\t<\/div>\n\t\t<\/div>\n\t\t\t\t\t<\/div>\n\t\t<\/section>\n\t\t\t\t<\/div>\n\t\t","protected":false},"excerpt":{"rendered":"<p>Home RESPONSABILIDADE O s\u00edtio bestvision.group \u00e9 propriedade exclusiva do Best Vision Group, (a seguir designado por &#8220;Best Vision&#8221; ou &#8220;Best Vision Group&#8221;). O acesso e a navega\u00e7\u00e3o no site por parte dos utilizadores individuais s\u00e3o gratuitos e est\u00e3o sujeitos \u00e0 aceita\u00e7\u00e3o dos termos e condi\u00e7\u00f5es dos presentes avisos legais. O utilizador reconhece e, em qualquer [&hellip;]<\/p>\n","protected":false},"author":5,"featured_media":0,"parent":0,"menu_order":0,"comment_status":"closed","ping_status":"closed","template":"full-width.php","meta":{"footnotes":""},"class_list":["post-8638","page","type-page","status-publish","hentry"],"yoast_head":"<!-- This site is optimized with the Yoast SEO plugin v27.4 - https:\/\/yoast.com\/product\/yoast-seo-wordpress\/ -->\n<title>Responsabilidade - Bestvision Solutions<\/title>\n<meta name=\"robots\" content=\"index, nofollow, max-snippet:-1, max-image-preview:large, max-video-preview:-1\" \/>\n<link rel=\"canonical\" href=\"https:\/\/bestvision.solutions\/pt-pt\/responsabilidade\/\" \/>\n<meta property=\"og:locale\" content=\"pt_PT\" \/>\n<meta property=\"og:type\" content=\"article\" \/>\n<meta property=\"og:title\" content=\"Responsabilidade - Bestvision Solutions\" \/>\n<meta property=\"og:description\" content=\"Home RESPONSABILIDADE O s\u00edtio bestvision.group \u00e9 propriedade exclusiva do Best Vision Group, (a seguir designado por &#8220;Best Vision&#8221; ou &#8220;Best Vision Group&#8221;). O acesso e a navega\u00e7\u00e3o no site por parte dos utilizadores individuais s\u00e3o gratuitos e est\u00e3o sujeitos \u00e0 aceita\u00e7\u00e3o dos termos e condi\u00e7\u00f5es dos presentes avisos legais. O utilizador reconhece e, em qualquer [&hellip;]\" \/>\n<meta property=\"og:url\" content=\"https:\/\/bestvision.solutions\/pt-pt\/responsabilidade\/\" \/>\n<meta property=\"og:site_name\" content=\"Bestvision Solutions\" \/>\n<meta property=\"article:modified_time\" content=\"2024-01-08T17:55:08+00:00\" \/>\n<meta name=\"twitter:card\" content=\"summary_large_image\" \/>\n<meta name=\"twitter:site\" content=\"@bestvision\" \/>\n<meta name=\"twitter:label1\" content=\"Tempo estimado de leitura\" \/>\n\t<meta name=\"twitter:data1\" content=\"5 minutos\" \/>\n<script type=\"application\/ld+json\" class=\"yoast-schema-graph\">{\"@context\":\"https:\\\/\\\/schema.org\",\"@graph\":[{\"@type\":\"WebPage\",\"@id\":\"https:\\\/\\\/bestvision.solutions\\\/pt-pt\\\/responsabilidade\\\/\",\"url\":\"https:\\\/\\\/bestvision.solutions\\\/pt-pt\\\/responsabilidade\\\/\",\"name\":\"Responsabilidade - Bestvision Solutions\",\"isPartOf\":{\"@id\":\"https:\\\/\\\/bestvision.solutions\\\/pt-pt\\\/#website\"},\"datePublished\":\"2021-10-02T16:21:05+00:00\",\"dateModified\":\"2024-01-08T17:55:08+00:00\",\"breadcrumb\":{\"@id\":\"https:\\\/\\\/bestvision.solutions\\\/pt-pt\\\/responsabilidade\\\/#breadcrumb\"},\"inLanguage\":\"pt-PT\",\"potentialAction\":[{\"@type\":\"ReadAction\",\"target\":[\"https:\\\/\\\/bestvision.solutions\\\/pt-pt\\\/responsabilidade\\\/\"]}]},{\"@type\":\"BreadcrumbList\",\"@id\":\"https:\\\/\\\/bestvision.solutions\\\/pt-pt\\\/responsabilidade\\\/#breadcrumb\",\"itemListElement\":[{\"@type\":\"ListItem\",\"position\":1,\"name\":\"Home\",\"item\":\"https:\\\/\\\/bestvision.solutions\\\/pt-pt\\\/\"},{\"@type\":\"ListItem\",\"position\":2,\"name\":\"Responsabilidade\"}]},{\"@type\":\"WebSite\",\"@id\":\"https:\\\/\\\/bestvision.solutions\\\/pt-pt\\\/#website\",\"url\":\"https:\\\/\\\/bestvision.solutions\\\/pt-pt\\\/\",\"name\":\"Bestvision Solutions\",\"description\":\"BANKING SOFTWARE\",\"publisher\":{\"@id\":\"https:\\\/\\\/bestvision.solutions\\\/pt-pt\\\/#organization\"},\"potentialAction\":[{\"@type\":\"SearchAction\",\"target\":{\"@type\":\"EntryPoint\",\"urlTemplate\":\"https:\\\/\\\/bestvision.solutions\\\/pt-pt\\\/?s={search_term_string}\"},\"query-input\":{\"@type\":\"PropertyValueSpecification\",\"valueRequired\":true,\"valueName\":\"search_term_string\"}}],\"inLanguage\":\"pt-PT\"},{\"@type\":\"Organization\",\"@id\":\"https:\\\/\\\/bestvision.solutions\\\/pt-pt\\\/#organization\",\"name\":\"BEST VISION SOLUTIONS & SERVICES, LTD\",\"url\":\"https:\\\/\\\/bestvision.solutions\\\/pt-pt\\\/\",\"logo\":{\"@type\":\"ImageObject\",\"inLanguage\":\"pt-PT\",\"@id\":\"https:\\\/\\\/bestvision.solutions\\\/pt-pt\\\/#\\\/schema\\\/logo\\\/image\\\/\",\"url\":\"https:\\\/\\\/bestvision.eu.com\\\/bestvision_solutions\\\/wp-content\\\/uploads\\\/2021\\\/09\\\/bvalogo_t@x2.png\",\"contentUrl\":\"https:\\\/\\\/bestvision.eu.com\\\/bestvision_solutions\\\/wp-content\\\/uploads\\\/2021\\\/09\\\/bvalogo_t@x2.png\",\"width\":600,\"height\":148,\"caption\":\"BEST VISION SOLUTIONS & SERVICES, LTD\"},\"image\":{\"@id\":\"https:\\\/\\\/bestvision.solutions\\\/pt-pt\\\/#\\\/schema\\\/logo\\\/image\\\/\"},\"sameAs\":[\"https:\\\/\\\/x.com\\\/bestvision\",\"https:\\\/\\\/www.linkedin.com\\\/company\\\/bestvision-group\"]}]}<\/script>\n<!-- \/ Yoast SEO plugin. -->","yoast_head_json":{"title":"Responsabilidade - Bestvision Solutions","robots":{"index":"index","follow":"nofollow","max-snippet":"max-snippet:-1","max-image-preview":"max-image-preview:large","max-video-preview":"max-video-preview:-1"},"canonical":"https:\/\/bestvision.solutions\/pt-pt\/responsabilidade\/","og_locale":"pt_PT","og_type":"article","og_title":"Responsabilidade - Bestvision Solutions","og_description":"Home RESPONSABILIDADE O s\u00edtio bestvision.group \u00e9 propriedade exclusiva do Best Vision Group, (a seguir designado por &#8220;Best Vision&#8221; ou &#8220;Best Vision Group&#8221;). O acesso e a navega\u00e7\u00e3o no site por parte dos utilizadores individuais s\u00e3o gratuitos e est\u00e3o sujeitos \u00e0 aceita\u00e7\u00e3o dos termos e condi\u00e7\u00f5es dos presentes avisos legais. O utilizador reconhece e, em qualquer [&hellip;]","og_url":"https:\/\/bestvision.solutions\/pt-pt\/responsabilidade\/","og_site_name":"Bestvision Solutions","article_modified_time":"2024-01-08T17:55:08+00:00","twitter_card":"summary_large_image","twitter_site":"@bestvision","twitter_misc":{"Tempo estimado de leitura":"5 minutos"},"schema":{"@context":"https:\/\/schema.org","@graph":[{"@type":"WebPage","@id":"https:\/\/bestvision.solutions\/pt-pt\/responsabilidade\/","url":"https:\/\/bestvision.solutions\/pt-pt\/responsabilidade\/","name":"Responsabilidade - Bestvision Solutions","isPartOf":{"@id":"https:\/\/bestvision.solutions\/pt-pt\/#website"},"datePublished":"2021-10-02T16:21:05+00:00","dateModified":"2024-01-08T17:55:08+00:00","breadcrumb":{"@id":"https:\/\/bestvision.solutions\/pt-pt\/responsabilidade\/#breadcrumb"},"inLanguage":"pt-PT","potentialAction":[{"@type":"ReadAction","target":["https:\/\/bestvision.solutions\/pt-pt\/responsabilidade\/"]}]},{"@type":"BreadcrumbList","@id":"https:\/\/bestvision.solutions\/pt-pt\/responsabilidade\/#breadcrumb","itemListElement":[{"@type":"ListItem","position":1,"name":"Home","item":"https:\/\/bestvision.solutions\/pt-pt\/"},{"@type":"ListItem","position":2,"name":"Responsabilidade"}]},{"@type":"WebSite","@id":"https:\/\/bestvision.solutions\/pt-pt\/#website","url":"https:\/\/bestvision.solutions\/pt-pt\/","name":"Bestvision Solutions","description":"BANKING SOFTWARE","publisher":{"@id":"https:\/\/bestvision.solutions\/pt-pt\/#organization"},"potentialAction":[{"@type":"SearchAction","target":{"@type":"EntryPoint","urlTemplate":"https:\/\/bestvision.solutions\/pt-pt\/?s={search_term_string}"},"query-input":{"@type":"PropertyValueSpecification","valueRequired":true,"valueName":"search_term_string"}}],"inLanguage":"pt-PT"},{"@type":"Organization","@id":"https:\/\/bestvision.solutions\/pt-pt\/#organization","name":"BEST VISION SOLUTIONS & SERVICES, LTD","url":"https:\/\/bestvision.solutions\/pt-pt\/","logo":{"@type":"ImageObject","inLanguage":"pt-PT","@id":"https:\/\/bestvision.solutions\/pt-pt\/#\/schema\/logo\/image\/","url":"https:\/\/bestvision.eu.com\/bestvision_solutions\/wp-content\/uploads\/2021\/09\/bvalogo_t@x2.png","contentUrl":"https:\/\/bestvision.eu.com\/bestvision_solutions\/wp-content\/uploads\/2021\/09\/bvalogo_t@x2.png","width":600,"height":148,"caption":"BEST VISION SOLUTIONS & SERVICES, LTD"},"image":{"@id":"https:\/\/bestvision.solutions\/pt-pt\/#\/schema\/logo\/image\/"},"sameAs":["https:\/\/x.com\/bestvision","https:\/\/www.linkedin.com\/company\/bestvision-group"]}]}},"_links":{"self":[{"href":"https:\/\/bestvision.solutions\/pt-pt\/wp-json\/wp\/v2\/pages\/8638","targetHints":{"allow":["GET"]}}],"collection":[{"href":"https:\/\/bestvision.solutions\/pt-pt\/wp-json\/wp\/v2\/pages"}],"about":[{"href":"https:\/\/bestvision.solutions\/pt-pt\/wp-json\/wp\/v2\/types\/page"}],"author":[{"embeddable":true,"href":"https:\/\/bestvision.solutions\/pt-pt\/wp-json\/wp\/v2\/users\/5"}],"replies":[{"embeddable":true,"href":"https:\/\/bestvision.solutions\/pt-pt\/wp-json\/wp\/v2\/comments?post=8638"}],"version-history":[{"count":0,"href":"https:\/\/bestvision.solutions\/pt-pt\/wp-json\/wp\/v2\/pages\/8638\/revisions"}],"wp:attachment":[{"href":"https:\/\/bestvision.solutions\/pt-pt\/wp-json\/wp\/v2\/media?parent=8638"}],"curies":[{"name":"wp","href":"https:\/\/api.w.org\/{rel}","templated":true}]}}