{"id":8635,"date":"2021-10-02T18:21:05","date_gmt":"2021-10-02T16:21:05","guid":{"rendered":"https:\/\/bestvision.solutions\/?page_id=8635"},"modified":"2024-01-08T15:41:50","modified_gmt":"2024-01-08T14:41:50","slug":"responsabilita","status":"publish","type":"page","link":"https:\/\/bestvision.solutions\/it\/responsabilita\/","title":{"rendered":"Responsabilit\u00e0"},"content":{"rendered":"\t\t<div data-elementor-type=\"wp-page\" data-elementor-id=\"8635\" class=\"elementor elementor-8635 elementor-728\">\n\t\t\t\t\t\t<section class=\"elementor-section elementor-top-section elementor-element elementor-element-3d39554 elementor-section-full_width elementor-section-height-default elementor-section-height-default\" data-id=\"3d39554\" data-element_type=\"section\" data-e-type=\"section\" data-settings=\"{&quot;jet_parallax_layout_list&quot;:[{&quot;jet_parallax_layout_image&quot;:{&quot;url&quot;:&quot;&quot;,&quot;id&quot;:&quot;&quot;,&quot;size&quot;:&quot;&quot;},&quot;_id&quot;:&quot;27d8f91&quot;,&quot;jet_parallax_layout_speed&quot;:{&quot;unit&quot;:&quot;%&quot;,&quot;size&quot;:&quot;50&quot;,&quot;sizes&quot;:[]},&quot;jet_parallax_layout_bg_x&quot;:&quot;50&quot;,&quot;jet_parallax_layout_bg_y&quot;:&quot;50&quot;,&quot;jet_parallax_layout_image_tablet&quot;:{&quot;url&quot;:&quot;&quot;,&quot;id&quot;:&quot;&quot;,&quot;size&quot;:&quot;&quot;},&quot;jet_parallax_layout_image_mobile&quot;:{&quot;url&quot;:&quot;&quot;,&quot;id&quot;:&quot;&quot;,&quot;size&quot;:&quot;&quot;},&quot;jet_parallax_layout_type&quot;:&quot;scroll&quot;,&quot;jet_parallax_layout_direction&quot;:null,&quot;jet_parallax_layout_fx_direction&quot;:null,&quot;jet_parallax_layout_z_index&quot;:&quot;&quot;,&quot;jet_parallax_layout_bg_x_tablet&quot;:&quot;&quot;,&quot;jet_parallax_layout_bg_x_mobile&quot;:&quot;&quot;,&quot;jet_parallax_layout_bg_y_tablet&quot;:&quot;&quot;,&quot;jet_parallax_layout_bg_y_mobile&quot;:&quot;&quot;,&quot;jet_parallax_layout_bg_size&quot;:&quot;auto&quot;,&quot;jet_parallax_layout_bg_size_tablet&quot;:&quot;&quot;,&quot;jet_parallax_layout_bg_size_mobile&quot;:&quot;&quot;,&quot;jet_parallax_layout_animation_prop&quot;:&quot;transform&quot;,&quot;jet_parallax_layout_on&quot;:[&quot;desktop&quot;,&quot;tablet&quot;]}],&quot;background_background&quot;:&quot;classic&quot;,&quot;shape_divider_bottom&quot;:&quot;tilt&quot;}\">\n\t\t\t\t\t\t\t<div class=\"elementor-background-overlay\"><\/div>\n\t\t\t\t\t\t<div class=\"elementor-shape elementor-shape-bottom\" aria-hidden=\"true\" data-negative=\"false\">\n\t\t\t<svg xmlns=\"http:\/\/www.w3.org\/2000\/svg\" viewBox=\"0 0 1000 100\" preserveAspectRatio=\"none\">\n\t<path class=\"elementor-shape-fill\" d=\"M0,6V0h1000v100L0,6z\"\/>\n<\/svg>\t\t<\/div>\n\t\t\t\t\t<div class=\"elementor-container elementor-column-gap-no\">\n\t\t\t\t\t<div class=\"elementor-column elementor-col-100 elementor-top-column elementor-element elementor-element-68e8167\" data-id=\"68e8167\" data-element_type=\"column\" data-e-type=\"column\">\n\t\t\t<div class=\"elementor-widget-wrap elementor-element-populated\">\n\t\t\t\t\t\t<div class=\"elementor-element elementor-element-3b2416c elementor-widget elementor-widget-heading\" data-id=\"3b2416c\" data-element_type=\"widget\" data-e-type=\"widget\" data-widget_type=\"heading.default\">\n\t\t\t\t<div class=\"elementor-widget-container\">\n\t\t\t\t\t<h1 class=\"elementor-heading-title elementor-size-default\">Responsabilit\u00e0<\/h1>\t\t\t\t<\/div>\n\t\t\t\t<\/div>\n\t\t\t\t<div class=\"elementor-element elementor-element-0f915e4 elementor-align-center elementor-widget elementor-widget-raven-breadcrumbs\" data-id=\"0f915e4\" data-element_type=\"widget\" data-e-type=\"widget\" data-widget_type=\"raven-breadcrumbs.default\">\n\t\t\t\t<div class=\"elementor-widget-container\">\n\t\t\t\t\t<div class=\"raven-breadcrumbs raven-breadcrumbs-default\"><div class=\"breadcrumb\">\t\t\t\t<div class=\"breadcrumb-item active\" aria-current=\"page\"><span>Home<\/span><\/div>\n\n\t\t\t\t<\/div><\/div>\t\t\t\t<\/div>\n\t\t\t\t<\/div>\n\t\t\t\t\t<\/div>\n\t\t<\/div>\n\t\t\t\t\t<\/div>\n\t\t<\/section>\n\t\t\t\t<section class=\"elementor-section elementor-top-section elementor-element elementor-element-a136a91 elementor-section-boxed elementor-section-height-default elementor-section-height-default\" data-id=\"a136a91\" data-element_type=\"section\" data-e-type=\"section\" data-settings=\"{&quot;jet_parallax_layout_list&quot;:[{&quot;jet_parallax_layout_image&quot;:{&quot;url&quot;:&quot;&quot;,&quot;id&quot;:&quot;&quot;,&quot;size&quot;:&quot;&quot;},&quot;_id&quot;:&quot;8c410a8&quot;,&quot;jet_parallax_layout_speed&quot;:{&quot;unit&quot;:&quot;%&quot;,&quot;size&quot;:&quot;50&quot;,&quot;sizes&quot;:[]},&quot;jet_parallax_layout_bg_x&quot;:&quot;50&quot;,&quot;jet_parallax_layout_bg_y&quot;:&quot;50&quot;,&quot;jet_parallax_layout_image_tablet&quot;:{&quot;url&quot;:&quot;&quot;,&quot;id&quot;:&quot;&quot;,&quot;size&quot;:&quot;&quot;},&quot;jet_parallax_layout_image_mobile&quot;:{&quot;url&quot;:&quot;&quot;,&quot;id&quot;:&quot;&quot;,&quot;size&quot;:&quot;&quot;},&quot;jet_parallax_layout_type&quot;:&quot;scroll&quot;,&quot;jet_parallax_layout_direction&quot;:null,&quot;jet_parallax_layout_fx_direction&quot;:null,&quot;jet_parallax_layout_z_index&quot;:&quot;&quot;,&quot;jet_parallax_layout_bg_x_tablet&quot;:&quot;&quot;,&quot;jet_parallax_layout_bg_x_mobile&quot;:&quot;&quot;,&quot;jet_parallax_layout_bg_y_tablet&quot;:&quot;&quot;,&quot;jet_parallax_layout_bg_y_mobile&quot;:&quot;&quot;,&quot;jet_parallax_layout_bg_size&quot;:&quot;auto&quot;,&quot;jet_parallax_layout_bg_size_tablet&quot;:&quot;&quot;,&quot;jet_parallax_layout_bg_size_mobile&quot;:&quot;&quot;,&quot;jet_parallax_layout_animation_prop&quot;:&quot;transform&quot;,&quot;jet_parallax_layout_on&quot;:[&quot;desktop&quot;,&quot;tablet&quot;]}]}\">\n\t\t\t\t\t\t<div class=\"elementor-container elementor-column-gap-no\">\n\t\t\t\t\t<div class=\"elementor-column elementor-col-100 elementor-top-column elementor-element elementor-element-e5746c1\" data-id=\"e5746c1\" data-element_type=\"column\" data-e-type=\"column\">\n\t\t\t<div class=\"elementor-widget-wrap elementor-element-populated\">\n\t\t\t\t\t\t<div class=\"elementor-element elementor-element-77af054 elementor-widget elementor-widget-text-editor\" data-id=\"77af054\" data-element_type=\"widget\" data-e-type=\"widget\" data-widget_type=\"text-editor.default\">\n\t\t\t\t<div class=\"elementor-widget-container\">\n\t\t\t\t\t\t\t\t\t<p><b>RESPONSABILIT\u00c0<\/b><\/p>\n<p>Il sito bestvision.group \u00e8 di propriet\u00e0 esclusiva di Best Vision Group, (di seguito &#8220;Best Vision&#8221; o &#8220;Best Vision Group&#8221;). L&#8217;accesso e la navigazione sul sito da parte dei singoli utenti \u00e8 gratuita e subordinata all&#8217;accettazione dei termini e delle condizioni delle presenti note legali. L&#8217;utente prende atto e, in ogni caso, accetta: (i) che Best Vision si riserva il diritto di modificare in qualsiasi momento i termini e le condizioni delle presenti note legali, comunicando le modifiche agli utenti mediante un avviso generale allegato al sito o mediante un link al presente avviso e (ii) che, dal momento di ciascun avviso generale ora menzionato, le note legali modificate costituiranno i nuovi termini e condizioni per l&#8217;accesso e la navigazione nel Sito (le presenti note legali, come via via le &#8220;Note Legali&#8221;, sono soggette a continue potenziali modifiche).<\/p>\n<p><b>Diritti di propriet\u00e0 intellettuale<\/b><\/p>\n<ul>\n<li>I contenuti del Sito, a titolo esemplificativo e non esaustivo, le opere, le immagini, le fotografie, i dialoghi, le musiche, i suoni, i video, i testi e ogni altro materiale in qualsiasi formato, ivi compresi, a titolo esemplificativo e non esaustivo, i menu, le pagine web, la grafica, i colori, gli schemi, gli strumenti, i caratteri, il design, i diagrammi, i disegni, i metodi, processi, funzioni e software (singolarmente e\/o collettivamente &#8216;Contenuti&#8217;) e i segni e\/o i relativi loghi distintivi sono di esclusiva propriet\u00e0 di BestVision o nella sua esclusiva disponibilit\u00e0, e in nessun caso possono essere utilizzati in qualsiasi modo e\/o forma senza il preventivo consenso scritto di Best Vision.<\/li>\n<li>Se non espressamente indicato diversamente sul Sito, i contenuti possono essere guardati e\/o ascoltati solo in modalit\u00e0 &#8216;Streaming&#8217;. Per &#8216;Streaming&#8217; si intende la modalit\u00e0 di visualizzazione e\/o ascolto dei contenuti in tempo reale e non \u00e8 necessaria e\/o possibile la riproduzione, temporanea o permanente, la distribuzione, la ridistribuzione, la comunicazione al pubblico o altro utilizzo, in qualsiasi forma o modalit\u00e0 diversa dallo &#8216;Streaming&#8217; qui definito.<\/li>\n<li>Nel caso in cui sul Sito vengano forniti codici di collegamento (link) relativi a specifici contenuti, tali codici potranno essere utilizzati dagli utenti solo per il proprio uso diretto, personale e privato e purch\u00e9 il suddetto utilizzo non avvenga per scopi di tipo diretto o indiretto.<\/li>\n<li>Qualsiasi utilizzo di codici e\/o contenuti in violazione dei limiti indicati nelle Note Legali, o comunque contrario alla legge, \u00e8 illegale e, pertanto, sar\u00e0 sanzionato da Best Vision.<\/li>\n<li>I marchi registrati e i loghi &#8220;Best Vision&#8221;, compreso il dominio &#8220;bestvision.group&#8221;, sono disponibili esclusivamente per le societ\u00e0 del Gruppo BestVision. Questi marchi, loghi e domini non possono essere utilizzati in alcun modo senza il preventivo consenso scritto di Best Vision.<\/li>\n<\/ul>\n<p><b>Collegamenti ad altri siti web<\/b><\/p>\n<ul>\n<li>Il Sito pu\u00f2 contenere link testuali (i &#8220;link&#8221;) ad altri siti web che non hanno alcun collegamento con il Sito. Best Vision non controlla n\u00e9 supervisiona tali siti web, i loro contenuti e le loro regole.<\/li>\n<li>Qualsiasi link ad altri siti web non deve essere inteso in alcun modo come un&#8217;attivit\u00e0 di Best Vision volta a promuovere tali siti e\/o i contenuti in essi pubblicati.<\/li>\n<\/ul>\n<p><b>Cookie<\/b><\/p>\n<p>Il Sito pu\u00f2 contenere cookie di sessione (che non vengono memorizzati in modo permanente sul computer dell&#8217;utente e scompaiono alla chiusura del browser) per consentire agli utenti di utilizzare meglio il Sito. Per ricevere i cookie \u00e8 possibile configurare il browser con l&#8217;intenzione di essere avvisati della presenza dei cookie e quindi decidere se accettarli o meno.<\/p>\n<p>Il browser pu\u00f2 anche essere configurato per rifiutare automaticamente tutti i cookie; in questo caso, per\u00f2, \u00e8 possibile che l&#8217;utente non possa accedere a tutti i servizi disponibili sul Sito.<\/p>\n<p><b>Limitazioni di responsabilit\u00e0<\/b><\/p>\n<ul>\n<li>L&#8217;utente riconosce e accetta che il suo accesso e la sua navigazione nel Sito avvengono a proprio rischio e sotto la sua esclusiva responsabilit\u00e0.<\/li>\n<li>L&#8217;utente riconosce e accetta inoltre che il Sito \u00e8 fornito &#8220;cos\u00ec com&#8217;\u00e8&#8221; e &#8220;come disponibile&#8221; e che potrebbe essere temporaneamente inaccessibile o contenere difetti o ritardi attuali.<\/li>\n<li>Best Vision non si assume alcuna responsabilit\u00e0 per i contenuti, i materiali e\/o le informazioni inserite sul Sito dagli utenti negli spazi virtuali che Best Vision mette a disposizione degli utenti per l&#8217;interazione con il Sito (&#8216;Contenuti dell&#8217;Utente&#8217;).<\/li>\n<li>Best Vision non sar\u00e0 responsabile di alcuna perdita o danno derivante o correlato in qualsiasi modo all&#8217;uso o al funzionamento del Sito, compresi, tra gli altri, i danni per perdita di affari, perdita di profitti, interruzione dell&#8217;attivit\u00e0, perdita di informazioni commerciali e\/o qualsiasi altro tipo di perdita pecuniaria, tranne nei casi di cattiva condotta intenzionale o di grave negligenza di Best Vision.<\/li>\n<\/ul>\n<p><b>Segnalazione di abuso<\/b><\/p>\n<ul>\n<li>Gli utenti che hanno individuato un qualsiasi Contenuto dell&#8217;utente che ritengono illegale, inappropriato, offensivo o volgare devono informare immediatamente Best Vision, compilando il modulo di segnalazione abusi disponibile sul Sito, in fondo alla home page.<\/li>\n<li>L&#8217;utente \u00e8 invitato a un uso responsabile delle proprie segnalazioni. Le segnalazioni che si riveleranno infondate e\/o illegittime saranno fonte di responsabilit\u00e0 per l&#8217;utente.<\/li>\n<\/ul>\n<p><b>Legge applicabile<\/b><\/p>\n<p>Per l&#8217;Europa, le note legali sono regolate dal diritto svizzero, Tribunale di Ginevra.<\/p>\n<p>Per l&#8217;America, le note legali sono regolate dalla legge degli Stati Uniti d&#8217;America, Tribunale di Miami. Per l&#8217;Africa, le note legali sono regolate dal diritto svizzero, Tribunale di Ginevra. Per l&#8217;Asia, le note legali sono regolate dal diritto svizzero, Tribunale di Ginevra. Per l&#8217;Australia, le note legali sono regolate dalla legge degli Stati Uniti d&#8217;America, Tribunale di Miami.<\/p>\n<p>Le note legali sono regolate dal diritto svizzero, Tribunale di Ginevra.<\/p>\n<p>Best Vision Group<\/p>\t\t\t\t\t\t\t\t<\/div>\n\t\t\t\t<\/div>\n\t\t\t\t\t<\/div>\n\t\t<\/div>\n\t\t\t\t\t<\/div>\n\t\t<\/section>\n\t\t\t\t<\/div>\n\t\t","protected":false},"excerpt":{"rendered":"<p>Home RESPONSABILIT\u00c0 Il sito bestvision.group \u00e8 di propriet\u00e0 esclusiva di Best Vision Group, (di seguito &#8220;Best Vision&#8221; o &#8220;Best Vision Group&#8221;). L&#8217;accesso e la navigazione sul sito da parte dei singoli utenti \u00e8 gratuita e subordinata all&#8217;accettazione dei termini e delle condizioni delle presenti note legali. L&#8217;utente prende atto e, in ogni caso, accetta: (i) [&hellip;]<\/p>\n","protected":false},"author":5,"featured_media":0,"parent":0,"menu_order":0,"comment_status":"closed","ping_status":"closed","template":"full-width.php","meta":{"footnotes":""},"class_list":["post-8635","page","type-page","status-publish","hentry"],"yoast_head":"<!-- This site is optimized with the Yoast SEO plugin v27.4 - https:\/\/yoast.com\/product\/yoast-seo-wordpress\/ -->\n<title>Responsabilit\u00e0 - Bestvision Solutions<\/title>\n<meta name=\"robots\" content=\"index, nofollow, max-snippet:-1, max-image-preview:large, max-video-preview:-1\" \/>\n<link rel=\"canonical\" href=\"https:\/\/bestvision.solutions\/it\/responsabilita\/\" \/>\n<meta property=\"og:locale\" content=\"it_IT\" \/>\n<meta property=\"og:type\" content=\"article\" \/>\n<meta property=\"og:title\" content=\"Responsabilit\u00e0 - Bestvision Solutions\" \/>\n<meta property=\"og:description\" content=\"Home RESPONSABILIT\u00c0 Il sito bestvision.group \u00e8 di propriet\u00e0 esclusiva di Best Vision Group, (di seguito &#8220;Best Vision&#8221; o &#8220;Best Vision Group&#8221;). L&#8217;accesso e la navigazione sul sito da parte dei singoli utenti \u00e8 gratuita e subordinata all&#8217;accettazione dei termini e delle condizioni delle presenti note legali. L&#8217;utente prende atto e, in ogni caso, accetta: (i) [&hellip;]\" \/>\n<meta property=\"og:url\" content=\"https:\/\/bestvision.solutions\/it\/responsabilita\/\" \/>\n<meta property=\"og:site_name\" content=\"Bestvision Solutions\" \/>\n<meta property=\"article:modified_time\" content=\"2024-01-08T14:41:50+00:00\" \/>\n<meta name=\"twitter:card\" content=\"summary_large_image\" \/>\n<meta name=\"twitter:site\" content=\"@bestvision\" \/>\n<meta name=\"twitter:label1\" content=\"Tempo di lettura stimato\" \/>\n\t<meta name=\"twitter:data1\" content=\"5 minuti\" \/>\n<script type=\"application\/ld+json\" class=\"yoast-schema-graph\">{\"@context\":\"https:\\\/\\\/schema.org\",\"@graph\":[{\"@type\":\"WebPage\",\"@id\":\"https:\\\/\\\/bestvision.solutions\\\/it\\\/responsabilita\\\/\",\"url\":\"https:\\\/\\\/bestvision.solutions\\\/it\\\/responsabilita\\\/\",\"name\":\"Responsabilit\u00e0 - Bestvision Solutions\",\"isPartOf\":{\"@id\":\"https:\\\/\\\/bestvision.solutions\\\/it\\\/#website\"},\"datePublished\":\"2021-10-02T16:21:05+00:00\",\"dateModified\":\"2024-01-08T14:41:50+00:00\",\"breadcrumb\":{\"@id\":\"https:\\\/\\\/bestvision.solutions\\\/it\\\/responsabilita\\\/#breadcrumb\"},\"inLanguage\":\"it-IT\",\"potentialAction\":[{\"@type\":\"ReadAction\",\"target\":[\"https:\\\/\\\/bestvision.solutions\\\/it\\\/responsabilita\\\/\"]}]},{\"@type\":\"BreadcrumbList\",\"@id\":\"https:\\\/\\\/bestvision.solutions\\\/it\\\/responsabilita\\\/#breadcrumb\",\"itemListElement\":[{\"@type\":\"ListItem\",\"position\":1,\"name\":\"Home\",\"item\":\"https:\\\/\\\/bestvision.solutions\\\/it\\\/\"},{\"@type\":\"ListItem\",\"position\":2,\"name\":\"Responsabilit\u00e0\"}]},{\"@type\":\"WebSite\",\"@id\":\"https:\\\/\\\/bestvision.solutions\\\/it\\\/#website\",\"url\":\"https:\\\/\\\/bestvision.solutions\\\/it\\\/\",\"name\":\"Bestvision Solutions\",\"description\":\"BANKING SOFTWARE\",\"publisher\":{\"@id\":\"https:\\\/\\\/bestvision.solutions\\\/it\\\/#organization\"},\"potentialAction\":[{\"@type\":\"SearchAction\",\"target\":{\"@type\":\"EntryPoint\",\"urlTemplate\":\"https:\\\/\\\/bestvision.solutions\\\/it\\\/?s={search_term_string}\"},\"query-input\":{\"@type\":\"PropertyValueSpecification\",\"valueRequired\":true,\"valueName\":\"search_term_string\"}}],\"inLanguage\":\"it-IT\"},{\"@type\":\"Organization\",\"@id\":\"https:\\\/\\\/bestvision.solutions\\\/it\\\/#organization\",\"name\":\"BEST VISION SOLUTIONS & SERVICES, LTD\",\"url\":\"https:\\\/\\\/bestvision.solutions\\\/it\\\/\",\"logo\":{\"@type\":\"ImageObject\",\"inLanguage\":\"it-IT\",\"@id\":\"https:\\\/\\\/bestvision.solutions\\\/it\\\/#\\\/schema\\\/logo\\\/image\\\/\",\"url\":\"https:\\\/\\\/bestvision.eu.com\\\/bestvision_solutions\\\/wp-content\\\/uploads\\\/2021\\\/09\\\/bvalogo_t@x2.png\",\"contentUrl\":\"https:\\\/\\\/bestvision.eu.com\\\/bestvision_solutions\\\/wp-content\\\/uploads\\\/2021\\\/09\\\/bvalogo_t@x2.png\",\"width\":600,\"height\":148,\"caption\":\"BEST VISION SOLUTIONS & SERVICES, LTD\"},\"image\":{\"@id\":\"https:\\\/\\\/bestvision.solutions\\\/it\\\/#\\\/schema\\\/logo\\\/image\\\/\"},\"sameAs\":[\"https:\\\/\\\/x.com\\\/bestvision\",\"https:\\\/\\\/www.linkedin.com\\\/company\\\/bestvision-group\"]}]}<\/script>\n<!-- \/ Yoast SEO plugin. -->","yoast_head_json":{"title":"Responsabilit\u00e0 - Bestvision Solutions","robots":{"index":"index","follow":"nofollow","max-snippet":"max-snippet:-1","max-image-preview":"max-image-preview:large","max-video-preview":"max-video-preview:-1"},"canonical":"https:\/\/bestvision.solutions\/it\/responsabilita\/","og_locale":"it_IT","og_type":"article","og_title":"Responsabilit\u00e0 - Bestvision Solutions","og_description":"Home RESPONSABILIT\u00c0 Il sito bestvision.group \u00e8 di propriet\u00e0 esclusiva di Best Vision Group, (di seguito &#8220;Best Vision&#8221; o &#8220;Best Vision Group&#8221;). L&#8217;accesso e la navigazione sul sito da parte dei singoli utenti \u00e8 gratuita e subordinata all&#8217;accettazione dei termini e delle condizioni delle presenti note legali. L&#8217;utente prende atto e, in ogni caso, accetta: (i) [&hellip;]","og_url":"https:\/\/bestvision.solutions\/it\/responsabilita\/","og_site_name":"Bestvision Solutions","article_modified_time":"2024-01-08T14:41:50+00:00","twitter_card":"summary_large_image","twitter_site":"@bestvision","twitter_misc":{"Tempo di lettura stimato":"5 minuti"},"schema":{"@context":"https:\/\/schema.org","@graph":[{"@type":"WebPage","@id":"https:\/\/bestvision.solutions\/it\/responsabilita\/","url":"https:\/\/bestvision.solutions\/it\/responsabilita\/","name":"Responsabilit\u00e0 - Bestvision Solutions","isPartOf":{"@id":"https:\/\/bestvision.solutions\/it\/#website"},"datePublished":"2021-10-02T16:21:05+00:00","dateModified":"2024-01-08T14:41:50+00:00","breadcrumb":{"@id":"https:\/\/bestvision.solutions\/it\/responsabilita\/#breadcrumb"},"inLanguage":"it-IT","potentialAction":[{"@type":"ReadAction","target":["https:\/\/bestvision.solutions\/it\/responsabilita\/"]}]},{"@type":"BreadcrumbList","@id":"https:\/\/bestvision.solutions\/it\/responsabilita\/#breadcrumb","itemListElement":[{"@type":"ListItem","position":1,"name":"Home","item":"https:\/\/bestvision.solutions\/it\/"},{"@type":"ListItem","position":2,"name":"Responsabilit\u00e0"}]},{"@type":"WebSite","@id":"https:\/\/bestvision.solutions\/it\/#website","url":"https:\/\/bestvision.solutions\/it\/","name":"Bestvision Solutions","description":"BANKING SOFTWARE","publisher":{"@id":"https:\/\/bestvision.solutions\/it\/#organization"},"potentialAction":[{"@type":"SearchAction","target":{"@type":"EntryPoint","urlTemplate":"https:\/\/bestvision.solutions\/it\/?s={search_term_string}"},"query-input":{"@type":"PropertyValueSpecification","valueRequired":true,"valueName":"search_term_string"}}],"inLanguage":"it-IT"},{"@type":"Organization","@id":"https:\/\/bestvision.solutions\/it\/#organization","name":"BEST VISION SOLUTIONS & SERVICES, LTD","url":"https:\/\/bestvision.solutions\/it\/","logo":{"@type":"ImageObject","inLanguage":"it-IT","@id":"https:\/\/bestvision.solutions\/it\/#\/schema\/logo\/image\/","url":"https:\/\/bestvision.eu.com\/bestvision_solutions\/wp-content\/uploads\/2021\/09\/bvalogo_t@x2.png","contentUrl":"https:\/\/bestvision.eu.com\/bestvision_solutions\/wp-content\/uploads\/2021\/09\/bvalogo_t@x2.png","width":600,"height":148,"caption":"BEST VISION SOLUTIONS & SERVICES, LTD"},"image":{"@id":"https:\/\/bestvision.solutions\/it\/#\/schema\/logo\/image\/"},"sameAs":["https:\/\/x.com\/bestvision","https:\/\/www.linkedin.com\/company\/bestvision-group"]}]}},"_links":{"self":[{"href":"https:\/\/bestvision.solutions\/it\/wp-json\/wp\/v2\/pages\/8635","targetHints":{"allow":["GET"]}}],"collection":[{"href":"https:\/\/bestvision.solutions\/it\/wp-json\/wp\/v2\/pages"}],"about":[{"href":"https:\/\/bestvision.solutions\/it\/wp-json\/wp\/v2\/types\/page"}],"author":[{"embeddable":true,"href":"https:\/\/bestvision.solutions\/it\/wp-json\/wp\/v2\/users\/5"}],"replies":[{"embeddable":true,"href":"https:\/\/bestvision.solutions\/it\/wp-json\/wp\/v2\/comments?post=8635"}],"version-history":[{"count":0,"href":"https:\/\/bestvision.solutions\/it\/wp-json\/wp\/v2\/pages\/8635\/revisions"}],"wp:attachment":[{"href":"https:\/\/bestvision.solutions\/it\/wp-json\/wp\/v2\/media?parent=8635"}],"curies":[{"name":"wp","href":"https:\/\/api.w.org\/{rel}","templated":true}]}}