{"id":8633,"date":"2021-10-02T18:21:05","date_gmt":"2021-10-02T16:21:05","guid":{"rendered":"https:\/\/bestvision.solutions\/?page_id=8633"},"modified":"2024-01-08T15:33:53","modified_gmt":"2024-01-08T14:33:53","slug":"responsabilite","status":"publish","type":"page","link":"https:\/\/bestvision.solutions\/fr\/responsabilite\/","title":{"rendered":"Responsabilit\u00e9"},"content":{"rendered":"\t\t<div data-elementor-type=\"wp-page\" data-elementor-id=\"8633\" class=\"elementor elementor-8633 elementor-728\">\n\t\t\t\t\t\t<section class=\"elementor-section elementor-top-section elementor-element elementor-element-3d39554 elementor-section-full_width elementor-section-height-default elementor-section-height-default\" data-id=\"3d39554\" data-element_type=\"section\" data-e-type=\"section\" data-settings=\"{&quot;jet_parallax_layout_list&quot;:[{&quot;jet_parallax_layout_image&quot;:{&quot;url&quot;:&quot;&quot;,&quot;id&quot;:&quot;&quot;,&quot;size&quot;:&quot;&quot;},&quot;_id&quot;:&quot;27d8f91&quot;,&quot;jet_parallax_layout_speed&quot;:{&quot;unit&quot;:&quot;%&quot;,&quot;size&quot;:&quot;50&quot;,&quot;sizes&quot;:[]},&quot;jet_parallax_layout_bg_x&quot;:&quot;50&quot;,&quot;jet_parallax_layout_bg_y&quot;:&quot;50&quot;,&quot;jet_parallax_layout_image_tablet&quot;:{&quot;url&quot;:&quot;&quot;,&quot;id&quot;:&quot;&quot;,&quot;size&quot;:&quot;&quot;},&quot;jet_parallax_layout_image_mobile&quot;:{&quot;url&quot;:&quot;&quot;,&quot;id&quot;:&quot;&quot;,&quot;size&quot;:&quot;&quot;},&quot;jet_parallax_layout_type&quot;:&quot;scroll&quot;,&quot;jet_parallax_layout_direction&quot;:null,&quot;jet_parallax_layout_fx_direction&quot;:null,&quot;jet_parallax_layout_z_index&quot;:&quot;&quot;,&quot;jet_parallax_layout_bg_x_tablet&quot;:&quot;&quot;,&quot;jet_parallax_layout_bg_x_mobile&quot;:&quot;&quot;,&quot;jet_parallax_layout_bg_y_tablet&quot;:&quot;&quot;,&quot;jet_parallax_layout_bg_y_mobile&quot;:&quot;&quot;,&quot;jet_parallax_layout_bg_size&quot;:&quot;auto&quot;,&quot;jet_parallax_layout_bg_size_tablet&quot;:&quot;&quot;,&quot;jet_parallax_layout_bg_size_mobile&quot;:&quot;&quot;,&quot;jet_parallax_layout_animation_prop&quot;:&quot;transform&quot;,&quot;jet_parallax_layout_on&quot;:[&quot;desktop&quot;,&quot;tablet&quot;]}],&quot;background_background&quot;:&quot;classic&quot;,&quot;shape_divider_bottom&quot;:&quot;tilt&quot;}\">\n\t\t\t\t\t\t\t<div class=\"elementor-background-overlay\"><\/div>\n\t\t\t\t\t\t<div class=\"elementor-shape elementor-shape-bottom\" aria-hidden=\"true\" data-negative=\"false\">\n\t\t\t<svg xmlns=\"http:\/\/www.w3.org\/2000\/svg\" viewBox=\"0 0 1000 100\" preserveAspectRatio=\"none\">\n\t<path class=\"elementor-shape-fill\" d=\"M0,6V0h1000v100L0,6z\"\/>\n<\/svg>\t\t<\/div>\n\t\t\t\t\t<div class=\"elementor-container elementor-column-gap-no\">\n\t\t\t\t\t<div class=\"elementor-column elementor-col-100 elementor-top-column elementor-element elementor-element-68e8167\" data-id=\"68e8167\" data-element_type=\"column\" data-e-type=\"column\">\n\t\t\t<div class=\"elementor-widget-wrap elementor-element-populated\">\n\t\t\t\t\t\t<div class=\"elementor-element elementor-element-3b2416c elementor-widget elementor-widget-heading\" data-id=\"3b2416c\" data-element_type=\"widget\" data-e-type=\"widget\" data-widget_type=\"heading.default\">\n\t\t\t\t<div class=\"elementor-widget-container\">\n\t\t\t\t\t<h1 class=\"elementor-heading-title elementor-size-default\">Responsabilit\u00e9<\/h1>\t\t\t\t<\/div>\n\t\t\t\t<\/div>\n\t\t\t\t<div class=\"elementor-element elementor-element-0f915e4 elementor-align-center elementor-widget elementor-widget-raven-breadcrumbs\" data-id=\"0f915e4\" data-element_type=\"widget\" data-e-type=\"widget\" data-widget_type=\"raven-breadcrumbs.default\">\n\t\t\t\t<div class=\"elementor-widget-container\">\n\t\t\t\t\t<div class=\"raven-breadcrumbs raven-breadcrumbs-default\"><div class=\"breadcrumb\">\t\t\t\t<div class=\"breadcrumb-item active\" aria-current=\"page\"><span>Home<\/span><\/div>\n\n\t\t\t\t<\/div><\/div>\t\t\t\t<\/div>\n\t\t\t\t<\/div>\n\t\t\t\t\t<\/div>\n\t\t<\/div>\n\t\t\t\t\t<\/div>\n\t\t<\/section>\n\t\t\t\t<section class=\"elementor-section elementor-top-section elementor-element elementor-element-a136a91 elementor-section-boxed elementor-section-height-default elementor-section-height-default\" data-id=\"a136a91\" data-element_type=\"section\" data-e-type=\"section\" data-settings=\"{&quot;jet_parallax_layout_list&quot;:[{&quot;jet_parallax_layout_image&quot;:{&quot;url&quot;:&quot;&quot;,&quot;id&quot;:&quot;&quot;,&quot;size&quot;:&quot;&quot;},&quot;_id&quot;:&quot;8c410a8&quot;,&quot;jet_parallax_layout_speed&quot;:{&quot;unit&quot;:&quot;%&quot;,&quot;size&quot;:&quot;50&quot;,&quot;sizes&quot;:[]},&quot;jet_parallax_layout_bg_x&quot;:&quot;50&quot;,&quot;jet_parallax_layout_bg_y&quot;:&quot;50&quot;,&quot;jet_parallax_layout_image_tablet&quot;:{&quot;url&quot;:&quot;&quot;,&quot;id&quot;:&quot;&quot;,&quot;size&quot;:&quot;&quot;},&quot;jet_parallax_layout_image_mobile&quot;:{&quot;url&quot;:&quot;&quot;,&quot;id&quot;:&quot;&quot;,&quot;size&quot;:&quot;&quot;},&quot;jet_parallax_layout_type&quot;:&quot;scroll&quot;,&quot;jet_parallax_layout_direction&quot;:null,&quot;jet_parallax_layout_fx_direction&quot;:null,&quot;jet_parallax_layout_z_index&quot;:&quot;&quot;,&quot;jet_parallax_layout_bg_x_tablet&quot;:&quot;&quot;,&quot;jet_parallax_layout_bg_x_mobile&quot;:&quot;&quot;,&quot;jet_parallax_layout_bg_y_tablet&quot;:&quot;&quot;,&quot;jet_parallax_layout_bg_y_mobile&quot;:&quot;&quot;,&quot;jet_parallax_layout_bg_size&quot;:&quot;auto&quot;,&quot;jet_parallax_layout_bg_size_tablet&quot;:&quot;&quot;,&quot;jet_parallax_layout_bg_size_mobile&quot;:&quot;&quot;,&quot;jet_parallax_layout_animation_prop&quot;:&quot;transform&quot;,&quot;jet_parallax_layout_on&quot;:[&quot;desktop&quot;,&quot;tablet&quot;]}]}\">\n\t\t\t\t\t\t<div class=\"elementor-container elementor-column-gap-no\">\n\t\t\t\t\t<div class=\"elementor-column elementor-col-100 elementor-top-column elementor-element elementor-element-e5746c1\" data-id=\"e5746c1\" data-element_type=\"column\" data-e-type=\"column\">\n\t\t\t<div class=\"elementor-widget-wrap elementor-element-populated\">\n\t\t\t\t\t\t<div class=\"elementor-element elementor-element-77af054 elementor-widget elementor-widget-text-editor\" data-id=\"77af054\" data-element_type=\"widget\" data-e-type=\"widget\" data-widget_type=\"text-editor.default\">\n\t\t\t\t<div class=\"elementor-widget-container\">\n\t\t\t\t\t\t\t\t\t<p><b>RESPONSABILIT\u00c9<\/b><\/p>\n<p>Le site bestvision.group est la propri\u00e9t\u00e9 exclusive de Best Vision Group, (ci-apr\u00e8s d\u00e9nomm\u00e9 &lsquo;Best Vision&rsquo; ou &lsquo;Best Vision Group&rsquo;). L&rsquo;acc\u00e8s et la navigation sur le site par les utilisateurs individuels sont gratuits et soumis \u00e0 l&rsquo;acceptation des termes et conditions des pr\u00e9sentes mentions l\u00e9gales. L&rsquo;utilisateur reconna\u00eet et, en tout \u00e9tat de cause, accepte : (i) que Best Vision se r\u00e9serve le droit de modifier les termes et conditions des pr\u00e9sentes mentions l\u00e9gales \u00e0 tout moment, en communiquant les modifications aux utilisateurs au moyen d&rsquo;un avis g\u00e9n\u00e9ral joint au site ou au moyen d&rsquo;un lien vers cet avis et (ii) qu&rsquo;\u00e0 compter de chaque avis g\u00e9n\u00e9ral mentionn\u00e9 ci-dessus, les mentions l\u00e9gales modifi\u00e9es constitueront les nouveaux termes et conditions d&rsquo;acc\u00e8s et de navigation sur le Site (les pr\u00e9sentes mentions l\u00e9gales, comme progressivement les \u00ab\u00a0Mentions L\u00e9gales\u00a0\u00bb, sont susceptibles d&rsquo;\u00eatre modifi\u00e9es en permanence).<\/p>\n<p><b>Droits de propri\u00e9t\u00e9 intellectuelle<\/b><\/p>\n<ul>\n<li>Le contenu du Site, \u00e0 titre d&rsquo;exemple et non limitatif, les \u0153uvres, images, photographies, dialogues, musiques, sons, vid\u00e9os, textes et tout autre mat\u00e9riel sous quelque format que ce soit, y compris, \u00e0 titre d&rsquo;exemple et non limitatif, les menus, pages web, graphiques, couleurs, sch\u00e9mas, outils, caract\u00e8res, design, sch\u00e9mas, conceptions, m\u00e9thodes, proc\u00e9d\u00e9s, fonctions et logiciels (individuellement et\/ou collectivement &lsquo;Contenu&rsquo;) et les signes et\/ou logos distinctifs relatifs sont la propri\u00e9t\u00e9 exclusive de BestVision ou \u00e0 sa disposition exclusive, et ne peuvent en aucun cas \u00eatre utilis\u00e9s de quelque mani\u00e8re que ce soit et\/ou sous quelque forme que ce soit sans l&rsquo;accord \u00e9crit pr\u00e9alable de Best Vision.<\/li>\n<li>Sauf mention contraire expresse sur le Site, le contenu ne peut \u00eatre regard\u00e9 et\/ou \u00e9cout\u00e9 qu&rsquo;en mode &lsquo;Streaming&rsquo;. On entend par &lsquo;Streaming&rsquo; la modalit\u00e9 de visualisation et\/ou d&rsquo;\u00e9coute du contenu en temps r\u00e9el et sans n\u00e9cessit\u00e9 et\/ou possibilit\u00e9 de reproduction, temporaire ou permanente, de distribution, de redistribution, de communication au public ou d&rsquo;autre utilisation, sous quelque forme que ce soit ou sous une forme diff\u00e9rente du &lsquo;Streaming&rsquo; d\u00e9fini ici.<\/li>\n<li>Dans le cas o\u00f9 des codes de liaison sont fournis sur le Site Embedding li\u00e9s \u00e0 un contenu sp\u00e9cifique, ces codes ne peuvent \u00eatre utilis\u00e9s par les utilisateurs que pour leur propre usage direct, personnel et priv\u00e9 et tant que l&rsquo;utilisation susmentionn\u00e9e ne se produit pas \u00e0 des fins de type directement ou indirectement.<\/li>\n<li>Toute utilisation de codes et\/ou de contenus en violation des limites indiqu\u00e9es dans les Notes L\u00e9gales, ou autrement contraire \u00e0 la loi, est ill\u00e9gale et, par cons\u00e9quent, sera sanctionn\u00e9e par Best Vision.<\/li>\n<li>Les marques d\u00e9pos\u00e9es et les logos &lsquo;Best Vision&rsquo;, y compris le nom de domaine &lsquo;bestvision.group&rsquo;, sont disponibles exclusivement pour les soci\u00e9t\u00e9s du groupe BestVision. Ces marques, logos et domaines ne peuvent \u00eatre utilis\u00e9s de quelque mani\u00e8re que ce soit sans l&rsquo;accord \u00e9crit pr\u00e9alable de Best Vision.<\/li>\n<\/ul>\n<h4><strong style=\"font-family: Roboto; font-size: 16px;\">Links to other web sites<\/strong><\/h4>\n<ul>\n<li>The Site may contain text links (the \u2018links\u2019) to other websites that have no connection to the Site. Best Vision does not control or supervise, these websites, their contents and their rules.<\/li>\n<li>Any link to other websites should not be understood in any way, as a Best Vision activity to promote them and \/ or the content posted on them.<\/li>\n<\/ul>\n<p><b>Cookies<\/b><\/p>\n<p>Le Site peut contenir des cookies de session (qui ne sont pas stock\u00e9s de mani\u00e8re permanente sur l&rsquo;ordinateur de l&rsquo;utilisateur et qui disparaissent lorsque celui-ci ferme le navigateur) pour permettre aux utilisateurs de mieux utiliser le Site. Pour recevoir des cookies, vous pouvez configurer votre navigateur de mani\u00e8re \u00e0 \u00eatre inform\u00e9 de la pr\u00e9sence de cookies et d\u00e9cider ensuite de les accepter ou non.<\/p>\n<p>Le navigateur aussi peut \u00eatre configur\u00e9 pour rejeter automatiquement tous les cookies ; dans ce cas, cependant, il est possible que l&rsquo;utilisateur ne puisse pas acc\u00e9der \u00e0 tous les services disponibles sur le Site.<\/p>\n<p><b>Limites de responsabilit\u00e9<\/b><\/p>\n<ul>\n<li>L&rsquo;utilisateur reconna\u00eet et accepte que son acc\u00e8s et sa navigation sur le Site se font \u00e0 ses risques et p\u00e9rils et sous sa responsabilit\u00e9 exclusive.<\/li>\n<li>L&rsquo;utilisateur reconna\u00eet et accepte \u00e9galement que le Site est fourni &lsquo;en l&rsquo;\u00e9tat&rsquo; et &lsquo;tel que disponible&rsquo; et qu&rsquo;il peut \u00eatre temporairement inaccessible ou contenir des d\u00e9fauts ou des retards courants.<\/li>\n<li>Best Vision n&rsquo;assume aucune responsabilit\u00e9 quant au contenu, au mat\u00e9riel et\/ou aux informations saisies sur le Site par les utilisateurs dans les espaces virtuels des programmes que Best Vision met \u00e0 la disposition des utilisateurs pour l&rsquo;interaction avec le Site (\u00ab\u00a0Contenu Utilisateur\u00a0\u00bb).<\/li>\n<li>Best Vision ne sera pas responsable de toute perte ou dommage d\u00e9coulant de ou li\u00e9 de quelque mani\u00e8re que ce soit \u00e0 l&rsquo;utilisation ou au fonctionnement du Site, y compris, entre autres, les dommages pour perte d&rsquo;exploitation, perte de b\u00e9n\u00e9fices, interruption d&rsquo;activit\u00e9, perte d&rsquo;informations commerciales et\/ou tout autre type de perte p\u00e9cuniaire, sauf en cas de faute intentionnelle ou de n\u00e9gligence grave de la part de Best Vision.<\/li>\n<\/ul>\n<p><b>Rapport d&rsquo;abus<\/b><\/p>\n<ul>\n<li>Les utilisateurs qui ont identifi\u00e9 un Contenu d&rsquo;utilisateur qu&rsquo;ils consid\u00e8rent comme ill\u00e9gal, inappropri\u00e9, offensant ou vulgaire doivent en informer Best Vision imm\u00e9diatement, en remplissant le formulaire de signalement d&rsquo;abus disponible sur le Site, en bas de la page d&rsquo;accueil.<\/li>\n<li>L&rsquo;utilisateur est invit\u00e9 \u00e0 faire un usage responsable de ses signalements. Les signalements qui s&rsquo;av\u00e8reraient infond\u00e9s et\/ou ill\u00e9gitimes seront source de responsabilit\u00e9 pour vous.<\/li>\n<\/ul>\n<p><b>Droit applicable<\/b><\/p>\n<p>Pour l&rsquo;Europe, les notes l\u00e9gales sont r\u00e9gies par le droit suisse, Tribunal de Gen\u00e8ve.<\/p>\n<p>Pour l&rsquo;Am\u00e9rique, les notes l\u00e9gales sont r\u00e9gies par le droit des Etats-Unis d&rsquo;Am\u00e9rique, Cour de Miami. Pour l&rsquo;Afrique, l&rsquo;aide-m\u00e9moire est r\u00e9gi par le droit suisse, Tribunal de Gen\u00e8ve. Pour l&rsquo;Asie, l&rsquo;aide-m\u00e9moire est r\u00e9gi par le droit suisse, Tribunal de Gen\u00e8ve. Pour l&rsquo;Australie, l&rsquo;aide-m\u00e9moire est r\u00e9gi par le droit des \u00c9tats-Unis d&rsquo;Am\u00e9rique, le Tribunal de Miami.<\/p>\n<p>Les notes l\u00e9gales sont r\u00e9gies par le droit suisse, Tribunal de Gen\u00e8ve.<\/p>\n<p>Best Vision Group<\/p>\t\t\t\t\t\t\t\t<\/div>\n\t\t\t\t<\/div>\n\t\t\t\t\t<\/div>\n\t\t<\/div>\n\t\t\t\t\t<\/div>\n\t\t<\/section>\n\t\t\t\t<\/div>\n\t\t","protected":false},"excerpt":{"rendered":"<p>Home RESPONSABILIT\u00c9 Le site bestvision.group est la propri\u00e9t\u00e9 exclusive de Best Vision Group, (ci-apr\u00e8s d\u00e9nomm\u00e9 &lsquo;Best Vision&rsquo; ou &lsquo;Best Vision Group&rsquo;). L&rsquo;acc\u00e8s et la navigation sur le site par les utilisateurs individuels sont gratuits et soumis \u00e0 l&rsquo;acceptation des termes et conditions des pr\u00e9sentes mentions l\u00e9gales. L&rsquo;utilisateur reconna\u00eet et, en tout \u00e9tat de cause, accepte [&hellip;]<\/p>\n","protected":false},"author":5,"featured_media":0,"parent":0,"menu_order":0,"comment_status":"closed","ping_status":"closed","template":"full-width.php","meta":{"footnotes":""},"class_list":["post-8633","page","type-page","status-publish","hentry"],"yoast_head":"<!-- This site is optimized with the Yoast SEO plugin v27.4 - https:\/\/yoast.com\/product\/yoast-seo-wordpress\/ -->\n<title>Responsabilit\u00e9 - Bestvision Solutions<\/title>\n<meta name=\"robots\" content=\"index, nofollow, max-snippet:-1, max-image-preview:large, max-video-preview:-1\" \/>\n<link rel=\"canonical\" href=\"https:\/\/bestvision.solutions\/fr\/responsabilite\/\" \/>\n<meta property=\"og:locale\" content=\"fr_FR\" \/>\n<meta property=\"og:type\" content=\"article\" \/>\n<meta property=\"og:title\" content=\"Responsabilit\u00e9 - Bestvision Solutions\" \/>\n<meta property=\"og:description\" content=\"Home RESPONSABILIT\u00c9 Le site bestvision.group est la propri\u00e9t\u00e9 exclusive de Best Vision Group, (ci-apr\u00e8s d\u00e9nomm\u00e9 &lsquo;Best Vision&rsquo; ou &lsquo;Best Vision Group&rsquo;). L&rsquo;acc\u00e8s et la navigation sur le site par les utilisateurs individuels sont gratuits et soumis \u00e0 l&rsquo;acceptation des termes et conditions des pr\u00e9sentes mentions l\u00e9gales. L&rsquo;utilisateur reconna\u00eet et, en tout \u00e9tat de cause, accepte [&hellip;]\" \/>\n<meta property=\"og:url\" content=\"https:\/\/bestvision.solutions\/fr\/responsabilite\/\" \/>\n<meta property=\"og:site_name\" content=\"Bestvision Solutions\" \/>\n<meta property=\"article:modified_time\" content=\"2024-01-08T14:33:53+00:00\" \/>\n<meta name=\"twitter:card\" content=\"summary_large_image\" \/>\n<meta name=\"twitter:site\" content=\"@bestvision\" \/>\n<meta name=\"twitter:label1\" content=\"Dur\u00e9e de lecture estim\u00e9e\" \/>\n\t<meta name=\"twitter:data1\" content=\"5 minutes\" \/>\n<script type=\"application\/ld+json\" class=\"yoast-schema-graph\">{\"@context\":\"https:\\\/\\\/schema.org\",\"@graph\":[{\"@type\":\"WebPage\",\"@id\":\"https:\\\/\\\/bestvision.solutions\\\/fr\\\/responsabilite\\\/\",\"url\":\"https:\\\/\\\/bestvision.solutions\\\/fr\\\/responsabilite\\\/\",\"name\":\"Responsabilit\u00e9 - Bestvision Solutions\",\"isPartOf\":{\"@id\":\"https:\\\/\\\/bestvision.solutions\\\/fr\\\/#website\"},\"datePublished\":\"2021-10-02T16:21:05+00:00\",\"dateModified\":\"2024-01-08T14:33:53+00:00\",\"breadcrumb\":{\"@id\":\"https:\\\/\\\/bestvision.solutions\\\/fr\\\/responsabilite\\\/#breadcrumb\"},\"inLanguage\":\"fr-FR\",\"potentialAction\":[{\"@type\":\"ReadAction\",\"target\":[\"https:\\\/\\\/bestvision.solutions\\\/fr\\\/responsabilite\\\/\"]}]},{\"@type\":\"BreadcrumbList\",\"@id\":\"https:\\\/\\\/bestvision.solutions\\\/fr\\\/responsabilite\\\/#breadcrumb\",\"itemListElement\":[{\"@type\":\"ListItem\",\"position\":1,\"name\":\"Home\",\"item\":\"https:\\\/\\\/bestvision.solutions\\\/fr\\\/\"},{\"@type\":\"ListItem\",\"position\":2,\"name\":\"Responsabilit\u00e9\"}]},{\"@type\":\"WebSite\",\"@id\":\"https:\\\/\\\/bestvision.solutions\\\/fr\\\/#website\",\"url\":\"https:\\\/\\\/bestvision.solutions\\\/fr\\\/\",\"name\":\"Bestvision Solutions\",\"description\":\"BANKING SOFTWARE\",\"publisher\":{\"@id\":\"https:\\\/\\\/bestvision.solutions\\\/fr\\\/#organization\"},\"potentialAction\":[{\"@type\":\"SearchAction\",\"target\":{\"@type\":\"EntryPoint\",\"urlTemplate\":\"https:\\\/\\\/bestvision.solutions\\\/fr\\\/?s={search_term_string}\"},\"query-input\":{\"@type\":\"PropertyValueSpecification\",\"valueRequired\":true,\"valueName\":\"search_term_string\"}}],\"inLanguage\":\"fr-FR\"},{\"@type\":\"Organization\",\"@id\":\"https:\\\/\\\/bestvision.solutions\\\/fr\\\/#organization\",\"name\":\"BEST VISION SOLUTIONS & SERVICES, LTD\",\"url\":\"https:\\\/\\\/bestvision.solutions\\\/fr\\\/\",\"logo\":{\"@type\":\"ImageObject\",\"inLanguage\":\"fr-FR\",\"@id\":\"https:\\\/\\\/bestvision.solutions\\\/fr\\\/#\\\/schema\\\/logo\\\/image\\\/\",\"url\":\"https:\\\/\\\/bestvision.eu.com\\\/bestvision_solutions\\\/wp-content\\\/uploads\\\/2021\\\/09\\\/bvalogo_t@x2.png\",\"contentUrl\":\"https:\\\/\\\/bestvision.eu.com\\\/bestvision_solutions\\\/wp-content\\\/uploads\\\/2021\\\/09\\\/bvalogo_t@x2.png\",\"width\":600,\"height\":148,\"caption\":\"BEST VISION SOLUTIONS & SERVICES, LTD\"},\"image\":{\"@id\":\"https:\\\/\\\/bestvision.solutions\\\/fr\\\/#\\\/schema\\\/logo\\\/image\\\/\"},\"sameAs\":[\"https:\\\/\\\/x.com\\\/bestvision\",\"https:\\\/\\\/www.linkedin.com\\\/company\\\/bestvision-group\"]}]}<\/script>\n<!-- \/ Yoast SEO plugin. -->","yoast_head_json":{"title":"Responsabilit\u00e9 - Bestvision Solutions","robots":{"index":"index","follow":"nofollow","max-snippet":"max-snippet:-1","max-image-preview":"max-image-preview:large","max-video-preview":"max-video-preview:-1"},"canonical":"https:\/\/bestvision.solutions\/fr\/responsabilite\/","og_locale":"fr_FR","og_type":"article","og_title":"Responsabilit\u00e9 - Bestvision Solutions","og_description":"Home RESPONSABILIT\u00c9 Le site bestvision.group est la propri\u00e9t\u00e9 exclusive de Best Vision Group, (ci-apr\u00e8s d\u00e9nomm\u00e9 &lsquo;Best Vision&rsquo; ou &lsquo;Best Vision Group&rsquo;). L&rsquo;acc\u00e8s et la navigation sur le site par les utilisateurs individuels sont gratuits et soumis \u00e0 l&rsquo;acceptation des termes et conditions des pr\u00e9sentes mentions l\u00e9gales. L&rsquo;utilisateur reconna\u00eet et, en tout \u00e9tat de cause, accepte [&hellip;]","og_url":"https:\/\/bestvision.solutions\/fr\/responsabilite\/","og_site_name":"Bestvision Solutions","article_modified_time":"2024-01-08T14:33:53+00:00","twitter_card":"summary_large_image","twitter_site":"@bestvision","twitter_misc":{"Dur\u00e9e de lecture estim\u00e9e":"5 minutes"},"schema":{"@context":"https:\/\/schema.org","@graph":[{"@type":"WebPage","@id":"https:\/\/bestvision.solutions\/fr\/responsabilite\/","url":"https:\/\/bestvision.solutions\/fr\/responsabilite\/","name":"Responsabilit\u00e9 - Bestvision Solutions","isPartOf":{"@id":"https:\/\/bestvision.solutions\/fr\/#website"},"datePublished":"2021-10-02T16:21:05+00:00","dateModified":"2024-01-08T14:33:53+00:00","breadcrumb":{"@id":"https:\/\/bestvision.solutions\/fr\/responsabilite\/#breadcrumb"},"inLanguage":"fr-FR","potentialAction":[{"@type":"ReadAction","target":["https:\/\/bestvision.solutions\/fr\/responsabilite\/"]}]},{"@type":"BreadcrumbList","@id":"https:\/\/bestvision.solutions\/fr\/responsabilite\/#breadcrumb","itemListElement":[{"@type":"ListItem","position":1,"name":"Home","item":"https:\/\/bestvision.solutions\/fr\/"},{"@type":"ListItem","position":2,"name":"Responsabilit\u00e9"}]},{"@type":"WebSite","@id":"https:\/\/bestvision.solutions\/fr\/#website","url":"https:\/\/bestvision.solutions\/fr\/","name":"Bestvision Solutions","description":"BANKING SOFTWARE","publisher":{"@id":"https:\/\/bestvision.solutions\/fr\/#organization"},"potentialAction":[{"@type":"SearchAction","target":{"@type":"EntryPoint","urlTemplate":"https:\/\/bestvision.solutions\/fr\/?s={search_term_string}"},"query-input":{"@type":"PropertyValueSpecification","valueRequired":true,"valueName":"search_term_string"}}],"inLanguage":"fr-FR"},{"@type":"Organization","@id":"https:\/\/bestvision.solutions\/fr\/#organization","name":"BEST VISION SOLUTIONS & SERVICES, LTD","url":"https:\/\/bestvision.solutions\/fr\/","logo":{"@type":"ImageObject","inLanguage":"fr-FR","@id":"https:\/\/bestvision.solutions\/fr\/#\/schema\/logo\/image\/","url":"https:\/\/bestvision.eu.com\/bestvision_solutions\/wp-content\/uploads\/2021\/09\/bvalogo_t@x2.png","contentUrl":"https:\/\/bestvision.eu.com\/bestvision_solutions\/wp-content\/uploads\/2021\/09\/bvalogo_t@x2.png","width":600,"height":148,"caption":"BEST VISION SOLUTIONS & SERVICES, LTD"},"image":{"@id":"https:\/\/bestvision.solutions\/fr\/#\/schema\/logo\/image\/"},"sameAs":["https:\/\/x.com\/bestvision","https:\/\/www.linkedin.com\/company\/bestvision-group"]}]}},"_links":{"self":[{"href":"https:\/\/bestvision.solutions\/fr\/wp-json\/wp\/v2\/pages\/8633","targetHints":{"allow":["GET"]}}],"collection":[{"href":"https:\/\/bestvision.solutions\/fr\/wp-json\/wp\/v2\/pages"}],"about":[{"href":"https:\/\/bestvision.solutions\/fr\/wp-json\/wp\/v2\/types\/page"}],"author":[{"embeddable":true,"href":"https:\/\/bestvision.solutions\/fr\/wp-json\/wp\/v2\/users\/5"}],"replies":[{"embeddable":true,"href":"https:\/\/bestvision.solutions\/fr\/wp-json\/wp\/v2\/comments?post=8633"}],"version-history":[{"count":0,"href":"https:\/\/bestvision.solutions\/fr\/wp-json\/wp\/v2\/pages\/8633\/revisions"}],"wp:attachment":[{"href":"https:\/\/bestvision.solutions\/fr\/wp-json\/wp\/v2\/media?parent=8633"}],"curies":[{"name":"wp","href":"https:\/\/api.w.org\/{rel}","templated":true}]}}