{"id":8636,"date":"2021-10-02T18:21:05","date_gmt":"2021-10-02T16:21:05","guid":{"rendered":"https:\/\/bestvision.solutions\/?page_id=8636"},"modified":"2023-10-19T22:44:08","modified_gmt":"2023-10-19T20:44:08","slug":"responsabilidad","status":"publish","type":"page","link":"https:\/\/bestvision.solutions\/es\/responsabilidad\/","title":{"rendered":"Responsabilidad"},"content":{"rendered":"\t\t<div data-elementor-type=\"wp-page\" data-elementor-id=\"8636\" class=\"elementor elementor-8636 elementor-728\">\n\t\t\t\t\t\t<section class=\"elementor-section elementor-top-section elementor-element elementor-element-3d39554 elementor-section-full_width elementor-section-height-default elementor-section-height-default\" data-id=\"3d39554\" data-element_type=\"section\" data-e-type=\"section\" data-settings=\"{&quot;jet_parallax_layout_list&quot;:[{&quot;jet_parallax_layout_image&quot;:{&quot;url&quot;:&quot;&quot;,&quot;id&quot;:&quot;&quot;,&quot;size&quot;:&quot;&quot;},&quot;_id&quot;:&quot;27d8f91&quot;,&quot;jet_parallax_layout_speed&quot;:{&quot;unit&quot;:&quot;%&quot;,&quot;size&quot;:&quot;50&quot;,&quot;sizes&quot;:[]},&quot;jet_parallax_layout_bg_x&quot;:&quot;50&quot;,&quot;jet_parallax_layout_bg_y&quot;:&quot;50&quot;,&quot;jet_parallax_layout_image_tablet&quot;:{&quot;url&quot;:&quot;&quot;,&quot;id&quot;:&quot;&quot;,&quot;size&quot;:&quot;&quot;},&quot;jet_parallax_layout_image_mobile&quot;:{&quot;url&quot;:&quot;&quot;,&quot;id&quot;:&quot;&quot;,&quot;size&quot;:&quot;&quot;},&quot;jet_parallax_layout_type&quot;:&quot;scroll&quot;,&quot;jet_parallax_layout_direction&quot;:null,&quot;jet_parallax_layout_fx_direction&quot;:null,&quot;jet_parallax_layout_z_index&quot;:&quot;&quot;,&quot;jet_parallax_layout_bg_x_tablet&quot;:&quot;&quot;,&quot;jet_parallax_layout_bg_x_mobile&quot;:&quot;&quot;,&quot;jet_parallax_layout_bg_y_tablet&quot;:&quot;&quot;,&quot;jet_parallax_layout_bg_y_mobile&quot;:&quot;&quot;,&quot;jet_parallax_layout_bg_size&quot;:&quot;auto&quot;,&quot;jet_parallax_layout_bg_size_tablet&quot;:&quot;&quot;,&quot;jet_parallax_layout_bg_size_mobile&quot;:&quot;&quot;,&quot;jet_parallax_layout_animation_prop&quot;:&quot;transform&quot;,&quot;jet_parallax_layout_on&quot;:[&quot;desktop&quot;,&quot;tablet&quot;]}],&quot;background_background&quot;:&quot;classic&quot;,&quot;shape_divider_bottom&quot;:&quot;tilt&quot;}\">\n\t\t\t\t\t\t\t<div class=\"elementor-background-overlay\"><\/div>\n\t\t\t\t\t\t<div class=\"elementor-shape elementor-shape-bottom\" aria-hidden=\"true\" data-negative=\"false\">\n\t\t\t<svg xmlns=\"http:\/\/www.w3.org\/2000\/svg\" viewBox=\"0 0 1000 100\" preserveAspectRatio=\"none\">\n\t<path class=\"elementor-shape-fill\" d=\"M0,6V0h1000v100L0,6z\"\/>\n<\/svg>\t\t<\/div>\n\t\t\t\t\t<div class=\"elementor-container elementor-column-gap-no\">\n\t\t\t\t\t<div class=\"elementor-column elementor-col-100 elementor-top-column elementor-element elementor-element-68e8167\" data-id=\"68e8167\" data-element_type=\"column\" data-e-type=\"column\">\n\t\t\t<div class=\"elementor-widget-wrap elementor-element-populated\">\n\t\t\t\t\t\t<div class=\"elementor-element elementor-element-3b2416c elementor-widget elementor-widget-heading\" data-id=\"3b2416c\" data-element_type=\"widget\" data-e-type=\"widget\" data-widget_type=\"heading.default\">\n\t\t\t\t<div class=\"elementor-widget-container\">\n\t\t\t\t\t<h1 class=\"elementor-heading-title elementor-size-default\">Responsabilidad<\/h1>\t\t\t\t<\/div>\n\t\t\t\t<\/div>\n\t\t\t\t<div class=\"elementor-element elementor-element-0f915e4 elementor-align-center elementor-widget elementor-widget-raven-breadcrumbs\" data-id=\"0f915e4\" data-element_type=\"widget\" data-e-type=\"widget\" data-widget_type=\"raven-breadcrumbs.default\">\n\t\t\t\t<div class=\"elementor-widget-container\">\n\t\t\t\t\t<div class=\"raven-breadcrumbs raven-breadcrumbs-default\"><div class=\"breadcrumb\">\t\t\t\t<div class=\"breadcrumb-item active\" aria-current=\"page\"><span>Home<\/span><\/div>\n\n\t\t\t\t<\/div><\/div>\t\t\t\t<\/div>\n\t\t\t\t<\/div>\n\t\t\t\t\t<\/div>\n\t\t<\/div>\n\t\t\t\t\t<\/div>\n\t\t<\/section>\n\t\t\t\t<section class=\"elementor-section elementor-top-section elementor-element elementor-element-a136a91 elementor-section-boxed elementor-section-height-default elementor-section-height-default\" data-id=\"a136a91\" data-element_type=\"section\" data-e-type=\"section\" data-settings=\"{&quot;jet_parallax_layout_list&quot;:[{&quot;jet_parallax_layout_image&quot;:{&quot;url&quot;:&quot;&quot;,&quot;id&quot;:&quot;&quot;,&quot;size&quot;:&quot;&quot;},&quot;_id&quot;:&quot;8c410a8&quot;,&quot;jet_parallax_layout_speed&quot;:{&quot;unit&quot;:&quot;%&quot;,&quot;size&quot;:&quot;50&quot;,&quot;sizes&quot;:[]},&quot;jet_parallax_layout_bg_x&quot;:&quot;50&quot;,&quot;jet_parallax_layout_bg_y&quot;:&quot;50&quot;,&quot;jet_parallax_layout_image_tablet&quot;:{&quot;url&quot;:&quot;&quot;,&quot;id&quot;:&quot;&quot;,&quot;size&quot;:&quot;&quot;},&quot;jet_parallax_layout_image_mobile&quot;:{&quot;url&quot;:&quot;&quot;,&quot;id&quot;:&quot;&quot;,&quot;size&quot;:&quot;&quot;},&quot;jet_parallax_layout_type&quot;:&quot;scroll&quot;,&quot;jet_parallax_layout_direction&quot;:null,&quot;jet_parallax_layout_fx_direction&quot;:null,&quot;jet_parallax_layout_z_index&quot;:&quot;&quot;,&quot;jet_parallax_layout_bg_x_tablet&quot;:&quot;&quot;,&quot;jet_parallax_layout_bg_x_mobile&quot;:&quot;&quot;,&quot;jet_parallax_layout_bg_y_tablet&quot;:&quot;&quot;,&quot;jet_parallax_layout_bg_y_mobile&quot;:&quot;&quot;,&quot;jet_parallax_layout_bg_size&quot;:&quot;auto&quot;,&quot;jet_parallax_layout_bg_size_tablet&quot;:&quot;&quot;,&quot;jet_parallax_layout_bg_size_mobile&quot;:&quot;&quot;,&quot;jet_parallax_layout_animation_prop&quot;:&quot;transform&quot;,&quot;jet_parallax_layout_on&quot;:[&quot;desktop&quot;,&quot;tablet&quot;]}]}\">\n\t\t\t\t\t\t<div class=\"elementor-container elementor-column-gap-no\">\n\t\t\t\t\t<div class=\"elementor-column elementor-col-100 elementor-top-column elementor-element elementor-element-e5746c1\" data-id=\"e5746c1\" data-element_type=\"column\" data-e-type=\"column\">\n\t\t\t<div class=\"elementor-widget-wrap elementor-element-populated\">\n\t\t\t\t\t\t<div class=\"elementor-element elementor-element-77af054 elementor-widget elementor-widget-text-editor\" data-id=\"77af054\" data-element_type=\"widget\" data-e-type=\"widget\" data-widget_type=\"text-editor.default\">\n\t\t\t\t<div class=\"elementor-widget-container\">\n\t\t\t\t\t\t\t\t\t<p><b>RESPONSABILIDAD<\/b><\/p>\n<p>El sitio bestvision.group es de propiedad exclusiva de Best Vision Group, (en adelante \u00abBest Vision\u00bb o \u00abBest Vision Group\u00bb). El acceso y navegaci\u00f3n en el sitio por parte de los usuarios individuales es gratuito y est\u00e1 sujeto a la aceptaci\u00f3n de los t\u00e9rminos y condiciones de estos avisos legales. El usuario reconoce y, en cualquier caso, acepta: (i) que Best Vision se reserva el derecho de modificar los t\u00e9rminos y condiciones de estas notas legales en cualquier momento, comunicando las modificaciones a los usuarios mediante un aviso general adjunto al sitio o mediante un enlace a este aviso y (ii) que, desde el momento de cada aviso general ahora mencionado, las notas legales modificadas constituir\u00e1n los nuevos t\u00e9rminos y condiciones para acceder y navegar en el sitio (estas notas legales, como gradualmente las \u00abNotas Legales\u00bb est\u00e1n sujetas a continuas modificaciones potenciales).<\/p>\n<p><b>Derechos de propiedad intelectual<\/b><\/p>\n<ul>\n<li>Los contenidos del Sitio, a t\u00edtulo enunciativo y no limitativo, las obras, im\u00e1genes, fotograf\u00edas, di\u00e1logos, m\u00fasica, sonidos, v\u00eddeos, textos y cualquier otro material en cualquier formato, incluyendo, a t\u00edtulo enunciativo y no exhaustivo, men\u00fas, p\u00e1ginas web, gr\u00e1ficos, colores, esquemas, herramientas, caracteres, dise\u00f1o, diagramas, dise\u00f1os, m\u00e9todos, procesos, funciones y software (individual y \/ o colectivamente \u00abContenido\u00bb) y los signos y \/ o logotipos distintivos relativos son propiedad exclusiva de BestVision o en su disponibilidad exclusiva, y en ning\u00fan caso pueden ser utilizados de cualquier manera y \/ o forma sin el consentimiento previo por escrito de Best Vision.<\/li>\n<li>A menos que se indique expresamente lo contrario en el Sitio, el contenido s\u00f3lo se puede ver y \/ o escuchar en modo &#8216;Streaming&#8217;. Por &#8216;Streaming&#8217; se entiende la modalidad de visualizaci\u00f3n y\/o escucha de los contenidos en tiempo real y sin necesidad y\/o posibilidad de reproducci\u00f3n, temporal o permanente, distribuci\u00f3n, redistribuci\u00f3n, comunicaci\u00f3n al p\u00fablico u otro uso, en cualquier forma o modalidad distinta del &#8216;Streaming&#8217; aqu\u00ed definido.<\/li>\n<li>En el caso de que en el Sitio se faciliten c\u00f3digos de enlace relacionados con contenidos concretos, dichos c\u00f3digos podr\u00e1n ser utilizados por los usuarios exclusivamente para su uso directo, personal y privado, y siempre que el mencionado uso no se produzca con fines tipogr\u00e1ficos directa o indirectamente.<\/li>\n<li>Cualquier uso de los c\u00f3digos y\/o contenidos en violaci\u00f3n de los l\u00edmites indicados en las Notas Legales, o de otro modo contrario a la ley, es ilegal y, por lo tanto, ser\u00e1 sancionado por Best Vision.<\/li>\n<li>Las marcas registradas y los logotipos \u00abBest Vision\u00bb, incluido el dominio de nombre \u00abbestvision.group\u00bb, est\u00e1n disponibles exclusivamente para las empresas del Grupo BestVision. Estas marcas, logotipos y dominios no pueden utilizarse de ninguna manera sin el consentimiento previo por escrito de Best Vision.<\/li>\n<\/ul>\n<p><b>Enlaces a otros sitios web<\/b><\/p>\n<ul>\n<li>El Sitio puede contener enlaces de texto (los &#8216;enlaces&#8217;) a otros sitios web que no tienen conexi\u00f3n con el Sitio. Best Vision no controla ni supervisa estos sitios web, sus contenidos y sus normas.<\/li>\n<li>Cualquier enlace a otros sitios web no debe entenderse, en modo alguno, como una actividad de Best Vision para promocionarlos y\/o el contenido publicado en ellos.<\/li>\n<\/ul>\n<p><b>Cookies<\/b><\/p>\n<p>El Sitio puede contener cookies de sesi\u00f3n (que no se almacenan de forma permanente en el ordenador del usuario y desaparecen cuando \u00e9ste cierra el navegador) para permitir a los usuarios un mejor uso del Sitio. Para recibir cookies puede configurar su navegador con la intenci\u00f3n de ser notificado de la presencia de cookies y luego decidir si desea o no aceptarlas.<\/p>\n<p>El navegador tambi\u00e9n se puede configurar para rechazar autom\u00e1ticamente todas las cookies, en este, sin embargo, es posible que el usuario no puede acceder a todos los servicios disponibles en el Sitio.<\/p>\n<p><b>Limitaciones de responsabilidad<\/b><\/p>\n<p><ul><li>El usuario reconoce y acepta que su acceso y navegaci\u00f3n por el Sitio se realiza bajo su propio riesgo y bajo su exclusiva responsabilidad.<\/li><li>El usuario tambi\u00e9n reconoce y acepta que el Sitio se proporciona \u00abtal cual\u00bb y \u00abseg\u00fan disponibilidad\u00bb y que puede ser temporalmente inaccesible o contener defectos o retrasos actuales.<\/li><li>Best Vision no asume ninguna responsabilidad por el contenido, los materiales y\/o la informaci\u00f3n introducida en el Sitio por los usuarios en los espacios de los programas virtuales que Best Vision pone a disposici\u00f3n de los usuarios para la interacci\u00f3n con el Sitio (&#8216;Contenido del Usuario&#8217;).<\/li><li>Best Vision no ser\u00e1 responsable por cualquier p\u00e9rdida o da\u00f1o derivado o relacionado de cualquier forma con el uso o funcionamiento del Sitio, incluyendo, entre otros, da\u00f1os por p\u00e9rdida de negocio, p\u00e9rdida de beneficios, interrupci\u00f3n del negocio, p\u00e9rdida de informaci\u00f3n comercial y \/ o cualquier otro tipo de p\u00e9rdida pecuniaria, salvo en los casos de mala conducta intencional o negligencia grave de Best Vision.<\/li><\/ul><\/p>\n<p><b>Denuncia de abuso<\/b><\/p>\n<p><ul><li>Los usuarios que hayan identificado cualquier Contenido de usuario que consideren ilegal, inapropiado, ofensivo o vulgar que informar a Best Vision inmediatamente, rellenando el formulario de denuncia de abuso disponible en el Sitio, en la parte inferior de la p\u00e1gina principal.<\/li><li>El usuario est\u00e1 invitado a un uso responsable de sus informes. Los informes que resulten infundados y \/ o ileg\u00edtima ser\u00e1 una fuente de responsabilidad para usted.<\/li><\/ul><\/p>\n<p><b>Derecho aplicable<\/b><\/p>\n<p>Para Europa, las notas legales se rigen por el derecho suizo, Tribunal de Ginebra.<\/p>\n<p>Para Am\u00e9rica, las notas legales se rigen por la ley de los Estados Unidos de Am\u00e9rica, el Tribunal de Miami. Para \u00c1frica, las notas legales se rigen por la legislaci\u00f3n suiza, Tribunal de Ginebra. Para Asia, las notas legales se regir\u00e1n por la legislaci\u00f3n suiza, Tribunal de Ginebra. Para Australia, las notas legales se regir\u00e1n por la legislaci\u00f3n de los Estados Unidos de Am\u00e9rica, Tribunal de Miami.<\/p>\n<p>Las notas legales se rigen por la legislaci\u00f3n suiza, Tribunal de Ginebra .<\/p>\n<p>Best Vision Group<br><\/p>\t\t\t\t\t\t\t\t<\/div>\n\t\t\t\t<\/div>\n\t\t\t\t\t<\/div>\n\t\t<\/div>\n\t\t\t\t\t<\/div>\n\t\t<\/section>\n\t\t\t\t<\/div>\n\t\t","protected":false},"excerpt":{"rendered":"<p>Home RESPONSABILIDAD El sitio bestvision.group es de propiedad exclusiva de Best Vision Group, (en adelante \u00abBest Vision\u00bb o \u00abBest Vision Group\u00bb). El acceso y navegaci\u00f3n en el sitio por parte de los usuarios individuales es gratuito y est\u00e1 sujeto a la aceptaci\u00f3n de los t\u00e9rminos y condiciones de estos avisos legales. El usuario reconoce y, [&hellip;]<\/p>\n","protected":false},"author":5,"featured_media":0,"parent":0,"menu_order":0,"comment_status":"closed","ping_status":"closed","template":"full-width.php","meta":{"footnotes":""},"class_list":["post-8636","page","type-page","status-publish","hentry"],"yoast_head":"<!-- This site is optimized with the Yoast SEO plugin v27.4 - https:\/\/yoast.com\/product\/yoast-seo-wordpress\/ -->\n<title>Responsabilidad - Bestvision Solutions<\/title>\n<meta name=\"robots\" content=\"index, nofollow, max-snippet:-1, max-image-preview:large, max-video-preview:-1\" \/>\n<link rel=\"canonical\" href=\"https:\/\/bestvision.solutions\/es\/responsabilidad\/\" \/>\n<meta property=\"og:locale\" content=\"es_ES\" \/>\n<meta property=\"og:type\" content=\"article\" \/>\n<meta property=\"og:title\" content=\"Responsabilidad - Bestvision Solutions\" \/>\n<meta property=\"og:description\" content=\"Home RESPONSABILIDAD El sitio bestvision.group es de propiedad exclusiva de Best Vision Group, (en adelante \u00abBest Vision\u00bb o \u00abBest Vision Group\u00bb). El acceso y navegaci\u00f3n en el sitio por parte de los usuarios individuales es gratuito y est\u00e1 sujeto a la aceptaci\u00f3n de los t\u00e9rminos y condiciones de estos avisos legales. El usuario reconoce y, [&hellip;]\" \/>\n<meta property=\"og:url\" content=\"https:\/\/bestvision.solutions\/es\/responsabilidad\/\" \/>\n<meta property=\"og:site_name\" content=\"Bestvision Solutions\" \/>\n<meta property=\"article:modified_time\" content=\"2023-10-19T20:44:08+00:00\" \/>\n<meta name=\"twitter:card\" content=\"summary_large_image\" \/>\n<meta name=\"twitter:site\" content=\"@bestvision\" \/>\n<meta name=\"twitter:label1\" content=\"Tiempo de lectura\" \/>\n\t<meta name=\"twitter:data1\" content=\"5 minutos\" \/>\n<script type=\"application\/ld+json\" class=\"yoast-schema-graph\">{\"@context\":\"https:\\\/\\\/schema.org\",\"@graph\":[{\"@type\":\"WebPage\",\"@id\":\"https:\\\/\\\/bestvision.solutions\\\/es\\\/responsabilidad\\\/\",\"url\":\"https:\\\/\\\/bestvision.solutions\\\/es\\\/responsabilidad\\\/\",\"name\":\"Responsabilidad - Bestvision Solutions\",\"isPartOf\":{\"@id\":\"https:\\\/\\\/bestvision.solutions\\\/es\\\/#website\"},\"datePublished\":\"2021-10-02T16:21:05+00:00\",\"dateModified\":\"2023-10-19T20:44:08+00:00\",\"breadcrumb\":{\"@id\":\"https:\\\/\\\/bestvision.solutions\\\/es\\\/responsabilidad\\\/#breadcrumb\"},\"inLanguage\":\"es\",\"potentialAction\":[{\"@type\":\"ReadAction\",\"target\":[\"https:\\\/\\\/bestvision.solutions\\\/es\\\/responsabilidad\\\/\"]}]},{\"@type\":\"BreadcrumbList\",\"@id\":\"https:\\\/\\\/bestvision.solutions\\\/es\\\/responsabilidad\\\/#breadcrumb\",\"itemListElement\":[{\"@type\":\"ListItem\",\"position\":1,\"name\":\"Home\",\"item\":\"https:\\\/\\\/bestvision.solutions\\\/es\\\/\"},{\"@type\":\"ListItem\",\"position\":2,\"name\":\"Responsabilidad\"}]},{\"@type\":\"WebSite\",\"@id\":\"https:\\\/\\\/bestvision.solutions\\\/es\\\/#website\",\"url\":\"https:\\\/\\\/bestvision.solutions\\\/es\\\/\",\"name\":\"Bestvision Solutions\",\"description\":\"BANKING SOFTWARE\",\"publisher\":{\"@id\":\"https:\\\/\\\/bestvision.solutions\\\/es\\\/#organization\"},\"potentialAction\":[{\"@type\":\"SearchAction\",\"target\":{\"@type\":\"EntryPoint\",\"urlTemplate\":\"https:\\\/\\\/bestvision.solutions\\\/es\\\/?s={search_term_string}\"},\"query-input\":{\"@type\":\"PropertyValueSpecification\",\"valueRequired\":true,\"valueName\":\"search_term_string\"}}],\"inLanguage\":\"es\"},{\"@type\":\"Organization\",\"@id\":\"https:\\\/\\\/bestvision.solutions\\\/es\\\/#organization\",\"name\":\"BEST VISION SOLUTIONS & SERVICES, LTD\",\"url\":\"https:\\\/\\\/bestvision.solutions\\\/es\\\/\",\"logo\":{\"@type\":\"ImageObject\",\"inLanguage\":\"es\",\"@id\":\"https:\\\/\\\/bestvision.solutions\\\/es\\\/#\\\/schema\\\/logo\\\/image\\\/\",\"url\":\"https:\\\/\\\/bestvision.eu.com\\\/bestvision_solutions\\\/wp-content\\\/uploads\\\/2021\\\/09\\\/bvalogo_t@x2.png\",\"contentUrl\":\"https:\\\/\\\/bestvision.eu.com\\\/bestvision_solutions\\\/wp-content\\\/uploads\\\/2021\\\/09\\\/bvalogo_t@x2.png\",\"width\":600,\"height\":148,\"caption\":\"BEST VISION SOLUTIONS & SERVICES, LTD\"},\"image\":{\"@id\":\"https:\\\/\\\/bestvision.solutions\\\/es\\\/#\\\/schema\\\/logo\\\/image\\\/\"},\"sameAs\":[\"https:\\\/\\\/x.com\\\/bestvision\",\"https:\\\/\\\/www.linkedin.com\\\/company\\\/bestvision-group\"]}]}<\/script>\n<!-- \/ Yoast SEO plugin. -->","yoast_head_json":{"title":"Responsabilidad - Bestvision Solutions","robots":{"index":"index","follow":"nofollow","max-snippet":"max-snippet:-1","max-image-preview":"max-image-preview:large","max-video-preview":"max-video-preview:-1"},"canonical":"https:\/\/bestvision.solutions\/es\/responsabilidad\/","og_locale":"es_ES","og_type":"article","og_title":"Responsabilidad - Bestvision Solutions","og_description":"Home RESPONSABILIDAD El sitio bestvision.group es de propiedad exclusiva de Best Vision Group, (en adelante \u00abBest Vision\u00bb o \u00abBest Vision Group\u00bb). El acceso y navegaci\u00f3n en el sitio por parte de los usuarios individuales es gratuito y est\u00e1 sujeto a la aceptaci\u00f3n de los t\u00e9rminos y condiciones de estos avisos legales. El usuario reconoce y, [&hellip;]","og_url":"https:\/\/bestvision.solutions\/es\/responsabilidad\/","og_site_name":"Bestvision Solutions","article_modified_time":"2023-10-19T20:44:08+00:00","twitter_card":"summary_large_image","twitter_site":"@bestvision","twitter_misc":{"Tiempo de lectura":"5 minutos"},"schema":{"@context":"https:\/\/schema.org","@graph":[{"@type":"WebPage","@id":"https:\/\/bestvision.solutions\/es\/responsabilidad\/","url":"https:\/\/bestvision.solutions\/es\/responsabilidad\/","name":"Responsabilidad - Bestvision Solutions","isPartOf":{"@id":"https:\/\/bestvision.solutions\/es\/#website"},"datePublished":"2021-10-02T16:21:05+00:00","dateModified":"2023-10-19T20:44:08+00:00","breadcrumb":{"@id":"https:\/\/bestvision.solutions\/es\/responsabilidad\/#breadcrumb"},"inLanguage":"es","potentialAction":[{"@type":"ReadAction","target":["https:\/\/bestvision.solutions\/es\/responsabilidad\/"]}]},{"@type":"BreadcrumbList","@id":"https:\/\/bestvision.solutions\/es\/responsabilidad\/#breadcrumb","itemListElement":[{"@type":"ListItem","position":1,"name":"Home","item":"https:\/\/bestvision.solutions\/es\/"},{"@type":"ListItem","position":2,"name":"Responsabilidad"}]},{"@type":"WebSite","@id":"https:\/\/bestvision.solutions\/es\/#website","url":"https:\/\/bestvision.solutions\/es\/","name":"Bestvision Solutions","description":"BANKING SOFTWARE","publisher":{"@id":"https:\/\/bestvision.solutions\/es\/#organization"},"potentialAction":[{"@type":"SearchAction","target":{"@type":"EntryPoint","urlTemplate":"https:\/\/bestvision.solutions\/es\/?s={search_term_string}"},"query-input":{"@type":"PropertyValueSpecification","valueRequired":true,"valueName":"search_term_string"}}],"inLanguage":"es"},{"@type":"Organization","@id":"https:\/\/bestvision.solutions\/es\/#organization","name":"BEST VISION SOLUTIONS & SERVICES, LTD","url":"https:\/\/bestvision.solutions\/es\/","logo":{"@type":"ImageObject","inLanguage":"es","@id":"https:\/\/bestvision.solutions\/es\/#\/schema\/logo\/image\/","url":"https:\/\/bestvision.eu.com\/bestvision_solutions\/wp-content\/uploads\/2021\/09\/bvalogo_t@x2.png","contentUrl":"https:\/\/bestvision.eu.com\/bestvision_solutions\/wp-content\/uploads\/2021\/09\/bvalogo_t@x2.png","width":600,"height":148,"caption":"BEST VISION SOLUTIONS & SERVICES, LTD"},"image":{"@id":"https:\/\/bestvision.solutions\/es\/#\/schema\/logo\/image\/"},"sameAs":["https:\/\/x.com\/bestvision","https:\/\/www.linkedin.com\/company\/bestvision-group"]}]}},"_links":{"self":[{"href":"https:\/\/bestvision.solutions\/es\/wp-json\/wp\/v2\/pages\/8636","targetHints":{"allow":["GET"]}}],"collection":[{"href":"https:\/\/bestvision.solutions\/es\/wp-json\/wp\/v2\/pages"}],"about":[{"href":"https:\/\/bestvision.solutions\/es\/wp-json\/wp\/v2\/types\/page"}],"author":[{"embeddable":true,"href":"https:\/\/bestvision.solutions\/es\/wp-json\/wp\/v2\/users\/5"}],"replies":[{"embeddable":true,"href":"https:\/\/bestvision.solutions\/es\/wp-json\/wp\/v2\/comments?post=8636"}],"version-history":[{"count":0,"href":"https:\/\/bestvision.solutions\/es\/wp-json\/wp\/v2\/pages\/8636\/revisions"}],"wp:attachment":[{"href":"https:\/\/bestvision.solutions\/es\/wp-json\/wp\/v2\/media?parent=8636"}],"curies":[{"name":"wp","href":"https:\/\/api.w.org\/{rel}","templated":true}]}}