{"id":8634,"date":"2021-10-02T18:21:05","date_gmt":"2021-10-02T16:21:05","guid":{"rendered":"https:\/\/bestvision.solutions\/?page_id=8634"},"modified":"2024-01-08T16:29:06","modified_gmt":"2024-01-08T15:29:06","slug":"verantwortlichkeit","status":"publish","type":"page","link":"https:\/\/bestvision.solutions\/de\/verantwortlichkeit\/","title":{"rendered":"Verantwortlichkeit"},"content":{"rendered":"\t\t<div data-elementor-type=\"wp-page\" data-elementor-id=\"8634\" class=\"elementor elementor-8634 elementor-728\">\n\t\t\t\t\t\t<section class=\"elementor-section elementor-top-section elementor-element elementor-element-3d39554 elementor-section-full_width elementor-section-height-default elementor-section-height-default\" data-id=\"3d39554\" data-element_type=\"section\" data-e-type=\"section\" data-settings=\"{&quot;jet_parallax_layout_list&quot;:[{&quot;jet_parallax_layout_image&quot;:{&quot;url&quot;:&quot;&quot;,&quot;id&quot;:&quot;&quot;,&quot;size&quot;:&quot;&quot;},&quot;_id&quot;:&quot;27d8f91&quot;,&quot;jet_parallax_layout_speed&quot;:{&quot;unit&quot;:&quot;%&quot;,&quot;size&quot;:&quot;50&quot;,&quot;sizes&quot;:[]},&quot;jet_parallax_layout_bg_x&quot;:&quot;50&quot;,&quot;jet_parallax_layout_bg_y&quot;:&quot;50&quot;,&quot;jet_parallax_layout_image_tablet&quot;:{&quot;url&quot;:&quot;&quot;,&quot;id&quot;:&quot;&quot;,&quot;size&quot;:&quot;&quot;},&quot;jet_parallax_layout_image_mobile&quot;:{&quot;url&quot;:&quot;&quot;,&quot;id&quot;:&quot;&quot;,&quot;size&quot;:&quot;&quot;},&quot;jet_parallax_layout_type&quot;:&quot;scroll&quot;,&quot;jet_parallax_layout_direction&quot;:null,&quot;jet_parallax_layout_fx_direction&quot;:null,&quot;jet_parallax_layout_z_index&quot;:&quot;&quot;,&quot;jet_parallax_layout_bg_x_tablet&quot;:&quot;&quot;,&quot;jet_parallax_layout_bg_x_mobile&quot;:&quot;&quot;,&quot;jet_parallax_layout_bg_y_tablet&quot;:&quot;&quot;,&quot;jet_parallax_layout_bg_y_mobile&quot;:&quot;&quot;,&quot;jet_parallax_layout_bg_size&quot;:&quot;auto&quot;,&quot;jet_parallax_layout_bg_size_tablet&quot;:&quot;&quot;,&quot;jet_parallax_layout_bg_size_mobile&quot;:&quot;&quot;,&quot;jet_parallax_layout_animation_prop&quot;:&quot;transform&quot;,&quot;jet_parallax_layout_on&quot;:[&quot;desktop&quot;,&quot;tablet&quot;]}],&quot;background_background&quot;:&quot;classic&quot;,&quot;shape_divider_bottom&quot;:&quot;tilt&quot;}\">\n\t\t\t\t\t\t\t<div class=\"elementor-background-overlay\"><\/div>\n\t\t\t\t\t\t<div class=\"elementor-shape elementor-shape-bottom\" aria-hidden=\"true\" data-negative=\"false\">\n\t\t\t<svg xmlns=\"http:\/\/www.w3.org\/2000\/svg\" viewBox=\"0 0 1000 100\" preserveAspectRatio=\"none\">\n\t<path class=\"elementor-shape-fill\" d=\"M0,6V0h1000v100L0,6z\"\/>\n<\/svg>\t\t<\/div>\n\t\t\t\t\t<div class=\"elementor-container elementor-column-gap-no\">\n\t\t\t\t\t<div class=\"elementor-column elementor-col-100 elementor-top-column elementor-element elementor-element-68e8167\" data-id=\"68e8167\" data-element_type=\"column\" data-e-type=\"column\">\n\t\t\t<div class=\"elementor-widget-wrap elementor-element-populated\">\n\t\t\t\t\t\t<div class=\"elementor-element elementor-element-3b2416c elementor-widget elementor-widget-heading\" data-id=\"3b2416c\" data-element_type=\"widget\" data-e-type=\"widget\" data-widget_type=\"heading.default\">\n\t\t\t\t<div class=\"elementor-widget-container\">\n\t\t\t\t\t<h1 class=\"elementor-heading-title elementor-size-default\">Verantwortlichkeit<\/h1>\t\t\t\t<\/div>\n\t\t\t\t<\/div>\n\t\t\t\t<div class=\"elementor-element elementor-element-0f915e4 elementor-align-center elementor-widget elementor-widget-raven-breadcrumbs\" data-id=\"0f915e4\" data-element_type=\"widget\" data-e-type=\"widget\" data-widget_type=\"raven-breadcrumbs.default\">\n\t\t\t\t<div class=\"elementor-widget-container\">\n\t\t\t\t\t<div class=\"raven-breadcrumbs raven-breadcrumbs-default\"><div class=\"breadcrumb\">\t\t\t\t<div class=\"breadcrumb-item active\" aria-current=\"page\"><span>Home<\/span><\/div>\n\n\t\t\t\t<\/div><\/div>\t\t\t\t<\/div>\n\t\t\t\t<\/div>\n\t\t\t\t\t<\/div>\n\t\t<\/div>\n\t\t\t\t\t<\/div>\n\t\t<\/section>\n\t\t\t\t<section class=\"elementor-section elementor-top-section elementor-element elementor-element-a136a91 elementor-section-boxed elementor-section-height-default elementor-section-height-default\" data-id=\"a136a91\" data-element_type=\"section\" data-e-type=\"section\" data-settings=\"{&quot;jet_parallax_layout_list&quot;:[{&quot;jet_parallax_layout_image&quot;:{&quot;url&quot;:&quot;&quot;,&quot;id&quot;:&quot;&quot;,&quot;size&quot;:&quot;&quot;},&quot;_id&quot;:&quot;8c410a8&quot;,&quot;jet_parallax_layout_speed&quot;:{&quot;unit&quot;:&quot;%&quot;,&quot;size&quot;:&quot;50&quot;,&quot;sizes&quot;:[]},&quot;jet_parallax_layout_bg_x&quot;:&quot;50&quot;,&quot;jet_parallax_layout_bg_y&quot;:&quot;50&quot;,&quot;jet_parallax_layout_image_tablet&quot;:{&quot;url&quot;:&quot;&quot;,&quot;id&quot;:&quot;&quot;,&quot;size&quot;:&quot;&quot;},&quot;jet_parallax_layout_image_mobile&quot;:{&quot;url&quot;:&quot;&quot;,&quot;id&quot;:&quot;&quot;,&quot;size&quot;:&quot;&quot;},&quot;jet_parallax_layout_type&quot;:&quot;scroll&quot;,&quot;jet_parallax_layout_direction&quot;:null,&quot;jet_parallax_layout_fx_direction&quot;:null,&quot;jet_parallax_layout_z_index&quot;:&quot;&quot;,&quot;jet_parallax_layout_bg_x_tablet&quot;:&quot;&quot;,&quot;jet_parallax_layout_bg_x_mobile&quot;:&quot;&quot;,&quot;jet_parallax_layout_bg_y_tablet&quot;:&quot;&quot;,&quot;jet_parallax_layout_bg_y_mobile&quot;:&quot;&quot;,&quot;jet_parallax_layout_bg_size&quot;:&quot;auto&quot;,&quot;jet_parallax_layout_bg_size_tablet&quot;:&quot;&quot;,&quot;jet_parallax_layout_bg_size_mobile&quot;:&quot;&quot;,&quot;jet_parallax_layout_animation_prop&quot;:&quot;transform&quot;,&quot;jet_parallax_layout_on&quot;:[&quot;desktop&quot;,&quot;tablet&quot;]}]}\">\n\t\t\t\t\t\t<div class=\"elementor-container elementor-column-gap-no\">\n\t\t\t\t\t<div class=\"elementor-column elementor-col-100 elementor-top-column elementor-element elementor-element-e5746c1\" data-id=\"e5746c1\" data-element_type=\"column\" data-e-type=\"column\">\n\t\t\t<div class=\"elementor-widget-wrap elementor-element-populated\">\n\t\t\t\t\t\t<div class=\"elementor-element elementor-element-77af054 elementor-widget elementor-widget-text-editor\" data-id=\"77af054\" data-element_type=\"widget\" data-e-type=\"widget\" data-widget_type=\"text-editor.default\">\n\t\t\t\t<div class=\"elementor-widget-container\">\n\t\t\t\t\t\t\t\t\t<p><b>VERANTWORTUNG<\/b><\/p>\n<p>Die Website bestvision.group ist ausschlie\u00dfliches Eigentum der Best Vision Group (im Folgenden als &#8222;Best Vision&#8220; oder &#8222;Best Vision Group&#8220; bezeichnet). Der Zugang und die Navigation auf der Website durch den einzelnen Benutzer ist kostenlos und unterliegt der Annahme der Bedingungen dieser rechtlichen Hinweise. Der Benutzer nimmt zur Kenntnis und akzeptiert in jedem Fall: (i) dass Best Vision sich das Recht vorbeh\u00e4lt, die Bedingungen dieser rechtlichen Hinweise jederzeit zu \u00e4ndern, indem die \u00c4nderungen den Benutzern durch einen allgemeinen Hinweis auf der Website oder durch einen Link zu diesem Hinweis mitgeteilt werden, und (ii) dass die ge\u00e4nderten rechtlichen Hinweise ab dem Zeitpunkt jedes allgemeinen Hinweises die neuen Bedingungen f\u00fcr den Zugang und die Navigation auf der Website darstellen (diese rechtlichen Hinweise, nachstehend &#8222;Rechtliche Hinweise&#8220; genannt, unterliegen einer st\u00e4ndigen m\u00f6glichen \u00c4nderung).<\/p>\n<p><b>Geistige Eigentumsrechte<\/b><\/p>\n<ul>\n<li>Der Inhalt der Website, als Beispiel und nicht beschr\u00e4nkt auf, die Werke, Bilder, Fotos, Dialoge, Musik, T\u00f6ne, Videos, Texte und jedes andere Material in jedem Format, einschlie\u00dflich, als Beispiel und nicht ersch\u00f6pfend, Men\u00fcs, Webseiten, Grafiken, Farben, Schemata, Werkzeuge, Zeichen, Design, Diagramme, Designs, Methoden, Prozesse, Funktionen und Software (einzeln und\/oder gemeinsam &#8222;Inhalt&#8220;) sowie die Zeichen und\/oder die entsprechenden unverwechselbaren Logos sind ausschlie\u00dfliches Eigentum von BestVision oder in dessen ausschlie\u00dflicher Verf\u00fcgbarkeit und d\u00fcrfen in keinem Fall in irgendeiner Weise und\/oder Form ohne die vorherige schriftliche Zustimmung von BestVision verwendet werden.<\/li>\n<li>Sofern auf der Website nicht ausdr\u00fccklich anders angegeben, k\u00f6nnen die Inhalte nur im &#8222;Streaming&#8220;-Modus angesehen und\/oder angeh\u00f6rt werden. Streaming&#8220; bedeutet, dass die Inhalte in Echtzeit angesehen und\/oder angeh\u00f6rt werden k\u00f6nnen, ohne dass eine vor\u00fcbergehende oder dauerhafte Vervielf\u00e4ltigung, Verteilung, Weiterverbreitung, \u00f6ffentliche Bekanntmachung oder sonstige Nutzung in einer anderen als der hier definierten Form erforderlich und\/oder m\u00f6glich ist.<\/li>\n<li>F\u00fcr den Fall, dass Link-Codes auf der Website Einbettung im Zusammenhang mit bestimmten Inhalten zur Verf\u00fcgung gestellt werden, k\u00f6nnen diese Codes von den Nutzern nur f\u00fcr ihre eigenen direkten, pers\u00f6nlichen und privaten und solange die vorgenannte Verwendung nicht f\u00fcr die Art Zwecke direkt oder indirekt auftreten verwendet werden.<\/li>\n<li>Jegliche Nutzung von Codes und\/oder Inhalten, die gegen die in den rechtlichen Hinweisen angegebenen Grenzen verst\u00f6\u00dft oder anderweitig gesetzeswidrig ist, ist illegal und wird daher von Best Vision geahndet.<\/li>\n<li>Eingetragene Marken und &#8222;Best Vision&#8220;-Logos, einschlie\u00dflich der Namensdomain &#8222;bestvision.group&#8220;, sind ausschlie\u00dflich f\u00fcr die Unternehmen der BestVision-Gruppe verf\u00fcgbar. Diese Marken, Logos und Domains d\u00fcrfen ohne vorherige schriftliche Zustimmung von Best Vision in keiner Weise verwendet werden.<\/li>\n<\/ul>\n<p><b>Links zu anderen Websites<\/b><\/p>\n<ul>\n<li>Die Website kann Textlinks (die &#8218;Links&#8216;) zu anderen Websites enthalten, die in keiner Verbindung zur Website stehen. Best Vision kontrolliert oder \u00fcberwacht diese Websites, ihre Inhalte und ihre Regeln nicht.<\/li>\n<li>Jeder Link zu anderen Websites sollte in keiner Weise als eine Aktivit\u00e4t von Best Vision zur F\u00f6rderung dieser Websites und\/oder der auf ihnen ver\u00f6ffentlichten Inhalte verstanden werden.<\/li>\n<\/ul>\n<p><b>Cookies<\/b><\/p>\n<p>Die Website kann Sitzungscookies enthalten (die nicht dauerhaft auf dem Computer des Benutzers gespeichert werden und verschwinden, wenn er den Browser schlie\u00dft), um den Benutzern eine bessere Nutzung der Website zu erm\u00f6glichen. Um Cookies zu erhalten, k\u00f6nnen Sie Ihren Browser so konfigurieren, dass Sie \u00fcber das Vorhandensein von Cookies benachrichtigt werden und dann entscheiden, ob Sie diese annehmen wollen oder nicht.<\/p>\n<p>Der Browser kann auch so konfiguriert werden, dass er automatisch alle Cookies ablehnt; in diesem Fall ist es jedoch m\u00f6glich, dass der Nutzer nicht auf alle auf der Website verf\u00fcgbaren Dienste zugreifen kann.<\/p>\n<p><b>Beschr\u00e4nkung der Haftung<\/b><\/p>\n<ul>\n<li>Der Nutzer erkennt an und akzeptiert, dass sein Zugang und seine Navigation auf der Website auf eigenes Risiko und unter seiner alleinigen Verantwortung erfolgt.<\/li>\n<li>Der Benutzer erkennt auch an und akzeptiert, dass die Website &#8222;wie sie ist&#8220; und &#8222;wie verf\u00fcgbar&#8220; zur Verf\u00fcgung gestellt wird und dass sie vor\u00fcbergehend nicht zug\u00e4nglich sein oder aktuelle M\u00e4ngel oder Verz\u00f6gerungen enthalten kann.<\/li>\n<li>Best Vision \u00fcbernimmt keine Verantwortung f\u00fcr den Inhalt, die Materialien und\/oder die Informationen, die von den Nutzern in die virtuellen Programme eingegeben werden, die Best Vision den Nutzern f\u00fcr die Interaktion mit der Website zur Verf\u00fcgung stellt (&#8222;Nutzerinhalte&#8220;).<\/li>\n<li>Best Vision haftet nicht f\u00fcr Verluste oder Sch\u00e4den, die sich aus der Nutzung oder dem Betrieb der Website ergeben oder in irgendeiner Weise damit zusammenh\u00e4ngen, einschlie\u00dflich, unter anderem, Sch\u00e4den f\u00fcr Gesch\u00e4ftsverluste, Gewinneinbu\u00dfen, Gesch\u00e4ftsunterbrechungen, Verlust von Gesch\u00e4ftsinformationen und \/ oder jede andere Art von Verm\u00f6genssch\u00e4den, au\u00dfer in F\u00e4llen von Fehlverhalten Vorsatz oder grober Fahrl\u00e4ssigkeit von Best Vision.<\/li>\n<\/ul>\n<p><b>Missbrauch melden<\/b><\/p>\n<ul>\n<li>Benutzer, die Inhalte von Benutzern identifiziert haben, die sie f\u00fcr illegal, unangemessen, beleidigend oder vulg\u00e4r halten, m\u00fcssen Best Vision unverz\u00fcglich informieren, indem sie das auf der Website unten auf der Startseite verf\u00fcgbare Meldeformular f\u00fcr Missbrauch ausf\u00fcllen.<\/li>\n<li>Der Benutzer wird zu einem verantwortungsvollen Umgang mit seinen Meldungen aufgefordert. Die Meldungen, die sich als unbegr\u00fcndet und \/ oder unrechtm\u00e4\u00dfig erweisen, werden eine Quelle der Verantwortung f\u00fcr Sie sein.<\/li>\n<\/ul>\n<p><b>Anwendbares Recht<\/b><\/p>\n<p>F\u00fcr Europa unterliegen die rechtlichen Hinweise dem Schweizer Recht, Gericht von Genf.<\/p>\n<p>F\u00fcr Amerika unterliegen die rechtlichen Hinweise dem Recht der Vereinigten Staaten von Amerika, dem Gericht von Miami. F\u00fcr Afrika unterliegen die rechtlichen Hinweise dem schweizerischen Recht, dem Genfer Gericht. F\u00fcr Asien unterliegen die rechtlichen Hinweise dem schweizerischen Recht, dem Gerichtshof von Genf. F\u00fcr Australien unterliegen die rechtlichen Hinweise dem Recht der Vereinigten Staaten von Amerika, Court of Miami.<\/p>\n<p>Die rechtlichen Hinweise unterliegen dem schweizerischen Recht, Gericht Genf.<\/p>\n<p>Best Vision Group<\/p>\t\t\t\t\t\t\t\t<\/div>\n\t\t\t\t<\/div>\n\t\t\t\t\t<\/div>\n\t\t<\/div>\n\t\t\t\t\t<\/div>\n\t\t<\/section>\n\t\t\t\t<\/div>\n\t\t","protected":false},"excerpt":{"rendered":"<p>Home VERANTWORTUNG Die Website bestvision.group ist ausschlie\u00dfliches Eigentum der Best Vision Group (im Folgenden als &#8222;Best Vision&#8220; oder &#8222;Best Vision Group&#8220; bezeichnet). Der Zugang und die Navigation auf der Website durch den einzelnen Benutzer ist kostenlos und unterliegt der Annahme der Bedingungen dieser rechtlichen Hinweise. Der Benutzer nimmt zur Kenntnis und akzeptiert in jedem Fall: [&hellip;]<\/p>\n","protected":false},"author":5,"featured_media":0,"parent":0,"menu_order":0,"comment_status":"closed","ping_status":"closed","template":"full-width.php","meta":{"footnotes":""},"class_list":["post-8634","page","type-page","status-publish","hentry"],"yoast_head":"<!-- This site is optimized with the Yoast SEO plugin v27.4 - https:\/\/yoast.com\/product\/yoast-seo-wordpress\/ -->\n<title>Verantwortlichkeit - Bestvision Solutions<\/title>\n<meta name=\"robots\" content=\"index, nofollow, max-snippet:-1, max-image-preview:large, max-video-preview:-1\" \/>\n<link rel=\"canonical\" href=\"https:\/\/bestvision.solutions\/de\/verantwortlichkeit\/\" \/>\n<meta property=\"og:locale\" content=\"de_DE\" \/>\n<meta property=\"og:type\" content=\"article\" \/>\n<meta property=\"og:title\" content=\"Verantwortlichkeit - Bestvision Solutions\" \/>\n<meta property=\"og:description\" content=\"Home VERANTWORTUNG Die Website bestvision.group ist ausschlie\u00dfliches Eigentum der Best Vision Group (im Folgenden als &#8222;Best Vision&#8220; oder &#8222;Best Vision Group&#8220; bezeichnet). Der Zugang und die Navigation auf der Website durch den einzelnen Benutzer ist kostenlos und unterliegt der Annahme der Bedingungen dieser rechtlichen Hinweise. Der Benutzer nimmt zur Kenntnis und akzeptiert in jedem Fall: [&hellip;]\" \/>\n<meta property=\"og:url\" content=\"https:\/\/bestvision.solutions\/de\/verantwortlichkeit\/\" \/>\n<meta property=\"og:site_name\" content=\"Bestvision Solutions\" \/>\n<meta property=\"article:modified_time\" content=\"2024-01-08T15:29:06+00:00\" \/>\n<meta name=\"twitter:card\" content=\"summary_large_image\" \/>\n<meta name=\"twitter:site\" content=\"@bestvision\" \/>\n<meta name=\"twitter:label1\" content=\"Gesch\u00e4tzte Lesezeit\" \/>\n\t<meta name=\"twitter:data1\" content=\"5\u00a0Minuten\" \/>\n<script type=\"application\/ld+json\" class=\"yoast-schema-graph\">{\"@context\":\"https:\\\/\\\/schema.org\",\"@graph\":[{\"@type\":\"WebPage\",\"@id\":\"https:\\\/\\\/bestvision.solutions\\\/de\\\/verantwortlichkeit\\\/\",\"url\":\"https:\\\/\\\/bestvision.solutions\\\/de\\\/verantwortlichkeit\\\/\",\"name\":\"Verantwortlichkeit - Bestvision Solutions\",\"isPartOf\":{\"@id\":\"https:\\\/\\\/bestvision.solutions\\\/de\\\/#website\"},\"datePublished\":\"2021-10-02T16:21:05+00:00\",\"dateModified\":\"2024-01-08T15:29:06+00:00\",\"breadcrumb\":{\"@id\":\"https:\\\/\\\/bestvision.solutions\\\/de\\\/verantwortlichkeit\\\/#breadcrumb\"},\"inLanguage\":\"de\",\"potentialAction\":[{\"@type\":\"ReadAction\",\"target\":[\"https:\\\/\\\/bestvision.solutions\\\/de\\\/verantwortlichkeit\\\/\"]}]},{\"@type\":\"BreadcrumbList\",\"@id\":\"https:\\\/\\\/bestvision.solutions\\\/de\\\/verantwortlichkeit\\\/#breadcrumb\",\"itemListElement\":[{\"@type\":\"ListItem\",\"position\":1,\"name\":\"Home\",\"item\":\"https:\\\/\\\/bestvision.solutions\\\/de\\\/\"},{\"@type\":\"ListItem\",\"position\":2,\"name\":\"Verantwortlichkeit\"}]},{\"@type\":\"WebSite\",\"@id\":\"https:\\\/\\\/bestvision.solutions\\\/de\\\/#website\",\"url\":\"https:\\\/\\\/bestvision.solutions\\\/de\\\/\",\"name\":\"Bestvision Solutions\",\"description\":\"BANKING SOFTWARE\",\"publisher\":{\"@id\":\"https:\\\/\\\/bestvision.solutions\\\/de\\\/#organization\"},\"potentialAction\":[{\"@type\":\"SearchAction\",\"target\":{\"@type\":\"EntryPoint\",\"urlTemplate\":\"https:\\\/\\\/bestvision.solutions\\\/de\\\/?s={search_term_string}\"},\"query-input\":{\"@type\":\"PropertyValueSpecification\",\"valueRequired\":true,\"valueName\":\"search_term_string\"}}],\"inLanguage\":\"de\"},{\"@type\":\"Organization\",\"@id\":\"https:\\\/\\\/bestvision.solutions\\\/de\\\/#organization\",\"name\":\"BEST VISION SOLUTIONS & SERVICES, LTD\",\"url\":\"https:\\\/\\\/bestvision.solutions\\\/de\\\/\",\"logo\":{\"@type\":\"ImageObject\",\"inLanguage\":\"de\",\"@id\":\"https:\\\/\\\/bestvision.solutions\\\/de\\\/#\\\/schema\\\/logo\\\/image\\\/\",\"url\":\"https:\\\/\\\/bestvision.eu.com\\\/bestvision_solutions\\\/wp-content\\\/uploads\\\/2021\\\/09\\\/bvalogo_t@x2.png\",\"contentUrl\":\"https:\\\/\\\/bestvision.eu.com\\\/bestvision_solutions\\\/wp-content\\\/uploads\\\/2021\\\/09\\\/bvalogo_t@x2.png\",\"width\":600,\"height\":148,\"caption\":\"BEST VISION SOLUTIONS & SERVICES, LTD\"},\"image\":{\"@id\":\"https:\\\/\\\/bestvision.solutions\\\/de\\\/#\\\/schema\\\/logo\\\/image\\\/\"},\"sameAs\":[\"https:\\\/\\\/x.com\\\/bestvision\",\"https:\\\/\\\/www.linkedin.com\\\/company\\\/bestvision-group\"]}]}<\/script>\n<!-- \/ Yoast SEO plugin. -->","yoast_head_json":{"title":"Verantwortlichkeit - Bestvision Solutions","robots":{"index":"index","follow":"nofollow","max-snippet":"max-snippet:-1","max-image-preview":"max-image-preview:large","max-video-preview":"max-video-preview:-1"},"canonical":"https:\/\/bestvision.solutions\/de\/verantwortlichkeit\/","og_locale":"de_DE","og_type":"article","og_title":"Verantwortlichkeit - Bestvision Solutions","og_description":"Home VERANTWORTUNG Die Website bestvision.group ist ausschlie\u00dfliches Eigentum der Best Vision Group (im Folgenden als &#8222;Best Vision&#8220; oder &#8222;Best Vision Group&#8220; bezeichnet). Der Zugang und die Navigation auf der Website durch den einzelnen Benutzer ist kostenlos und unterliegt der Annahme der Bedingungen dieser rechtlichen Hinweise. Der Benutzer nimmt zur Kenntnis und akzeptiert in jedem Fall: [&hellip;]","og_url":"https:\/\/bestvision.solutions\/de\/verantwortlichkeit\/","og_site_name":"Bestvision Solutions","article_modified_time":"2024-01-08T15:29:06+00:00","twitter_card":"summary_large_image","twitter_site":"@bestvision","twitter_misc":{"Gesch\u00e4tzte Lesezeit":"5\u00a0Minuten"},"schema":{"@context":"https:\/\/schema.org","@graph":[{"@type":"WebPage","@id":"https:\/\/bestvision.solutions\/de\/verantwortlichkeit\/","url":"https:\/\/bestvision.solutions\/de\/verantwortlichkeit\/","name":"Verantwortlichkeit - Bestvision Solutions","isPartOf":{"@id":"https:\/\/bestvision.solutions\/de\/#website"},"datePublished":"2021-10-02T16:21:05+00:00","dateModified":"2024-01-08T15:29:06+00:00","breadcrumb":{"@id":"https:\/\/bestvision.solutions\/de\/verantwortlichkeit\/#breadcrumb"},"inLanguage":"de","potentialAction":[{"@type":"ReadAction","target":["https:\/\/bestvision.solutions\/de\/verantwortlichkeit\/"]}]},{"@type":"BreadcrumbList","@id":"https:\/\/bestvision.solutions\/de\/verantwortlichkeit\/#breadcrumb","itemListElement":[{"@type":"ListItem","position":1,"name":"Home","item":"https:\/\/bestvision.solutions\/de\/"},{"@type":"ListItem","position":2,"name":"Verantwortlichkeit"}]},{"@type":"WebSite","@id":"https:\/\/bestvision.solutions\/de\/#website","url":"https:\/\/bestvision.solutions\/de\/","name":"Bestvision Solutions","description":"BANKING SOFTWARE","publisher":{"@id":"https:\/\/bestvision.solutions\/de\/#organization"},"potentialAction":[{"@type":"SearchAction","target":{"@type":"EntryPoint","urlTemplate":"https:\/\/bestvision.solutions\/de\/?s={search_term_string}"},"query-input":{"@type":"PropertyValueSpecification","valueRequired":true,"valueName":"search_term_string"}}],"inLanguage":"de"},{"@type":"Organization","@id":"https:\/\/bestvision.solutions\/de\/#organization","name":"BEST VISION SOLUTIONS & SERVICES, LTD","url":"https:\/\/bestvision.solutions\/de\/","logo":{"@type":"ImageObject","inLanguage":"de","@id":"https:\/\/bestvision.solutions\/de\/#\/schema\/logo\/image\/","url":"https:\/\/bestvision.eu.com\/bestvision_solutions\/wp-content\/uploads\/2021\/09\/bvalogo_t@x2.png","contentUrl":"https:\/\/bestvision.eu.com\/bestvision_solutions\/wp-content\/uploads\/2021\/09\/bvalogo_t@x2.png","width":600,"height":148,"caption":"BEST VISION SOLUTIONS & SERVICES, LTD"},"image":{"@id":"https:\/\/bestvision.solutions\/de\/#\/schema\/logo\/image\/"},"sameAs":["https:\/\/x.com\/bestvision","https:\/\/www.linkedin.com\/company\/bestvision-group"]}]}},"_links":{"self":[{"href":"https:\/\/bestvision.solutions\/de\/wp-json\/wp\/v2\/pages\/8634","targetHints":{"allow":["GET"]}}],"collection":[{"href":"https:\/\/bestvision.solutions\/de\/wp-json\/wp\/v2\/pages"}],"about":[{"href":"https:\/\/bestvision.solutions\/de\/wp-json\/wp\/v2\/types\/page"}],"author":[{"embeddable":true,"href":"https:\/\/bestvision.solutions\/de\/wp-json\/wp\/v2\/users\/5"}],"replies":[{"embeddable":true,"href":"https:\/\/bestvision.solutions\/de\/wp-json\/wp\/v2\/comments?post=8634"}],"version-history":[{"count":0,"href":"https:\/\/bestvision.solutions\/de\/wp-json\/wp\/v2\/pages\/8634\/revisions"}],"wp:attachment":[{"href":"https:\/\/bestvision.solutions\/de\/wp-json\/wp\/v2\/media?parent=8634"}],"curies":[{"name":"wp","href":"https:\/\/api.w.org\/{rel}","templated":true}]}}